{"id":28157,"date":"2025-07-28T17:23:33","date_gmt":"2025-07-28T17:23:33","guid":{"rendered":"https:\/\/plattformindustrie40.at\/?page_id=28157"},"modified":"2025-07-28T20:05:00","modified_gmt":"2025-07-28T20:05:00","slug":"secure-strengthening-eu-smes-cyber-resilience","status":"publish","type":"page","link":"https:\/\/plattformindustrie40.at\/en\/secure-strengthening-eu-smes-cyber-resilience\/","title":{"rendered":"SECURE &#8211; Strengthening EU SMEs Cyber Resilience"},"content":{"rendered":"<div class=\"wpb-content-wrapper\"><p>[vc_row full_width=&#8221;stretch_row_content_no_spaces&#8221; css=&#8221;.vc_custom_1753723324902{background-image: url(https:\/\/plattformindustrie40.at\/wp-content\/uploads\/2025\/07\/Headerbild-Secure-1.png?id=28146) !important;}&#8221; el_class=&#8221;hero-section&#8221;][vc_column el_class=&#8221;my-header&#8221;][\/vc_column][\/vc_row][vc_row el_class=&#8221;sidebar-section&#8221;][vc_column width=&#8221;2\/3&#8243;][vc_column_text css=&#8221;&#8221;]<\/p>\n<h1>SECURE &#8211; Strengthening EU SMEs Cyber Resilience<\/h1>\n<p>[\/vc_column_text][vc_column_text css=&#8221;&#8221;]<\/p>\n<p data-start=\"0\" data-end=\"187\"><strong data-start=\"0\" data-end=\"187\">Das Projekt SECURE unterst\u00fctzt und st\u00e4rkt die Cyber-Resilienz europ\u00e4ischer KMU, sch\u00fctzt sie vor Cyber-Bedrohungen und tr\u00e4gt somit zur Wahrung der Integrit\u00e4t des digitalen Binnenmarkts der EU bei.<\/strong><\/p>\n<p>[\/vc_column_text][vc_column_text css=&#8221;&#8221;]<\/p>\n<h2>About the Project<\/h2>\n<p>[\/vc_column_text][vc_column_text css=&#8221;&#8221;]The implementation of the Cyber Resilience Act (CRA) marks a significant milestone in the European Union\u2019s commitment to strengthening the cyber resilience of its digital market.<br \/>\nSupporting SMEs in complying with the CRA is essential for:<\/p>\n<ul>\n<li>closing the cybersecurity knowledge gap<\/li>\n<li>fostering a \u201csecurity-by-design\u201d culture<\/li>\n<li>mitigating supply chain risks<\/li>\n<li>ensuring regulatory compliance<\/li>\n<li>protecting economic and social well-being<\/li>\n<li>promoting sustainable cybersecurity efforts<\/li>\n<\/ul>\n<p>SECURE supports and strengthens the cyber resilience of European SMEs, protects them from cyber threats, and thus contributes to maintaining the integrity of the EU\u2019s digital single market.<\/p>\n<p>Targeted assistance, resources, and guidance are vital to enable SMEs to navigate the regulatory landscape safely \u2013 for their economic success and a secure, resilient digital Europe.<\/p>\n<p>By directly connecting National (Cybersecurity) Coordination Centres (NCCs) and European Digital Innovation Hubs (EDIHs), the project consortium \u201cStrengthening EU SMEs Cyber Resilience \u2013 SECURE\u201d aims to reach as many relevant stakeholders as possible and enhance the resilience of SMEs across the entire European Union.<\/p>\n<p>&nbsp;<\/p>\n<p>[\/vc_column_text][vc_column_text css=&#8221;&#8221;]<\/p>\n<h2>Project Facts<\/h2>\n<p>[\/vc_column_text][vc_column_text css=&#8221;&#8221;]The project is financed through the Digital Europe Programme.<\/p>\n<ul>\n<li><strong>Duration:<\/strong> 01\/2025 \u2013 12\/2028<\/li>\n<li><strong>Project budget:<\/strong> \u20ac21,921,036.50<\/li>\n<li><strong>Cascade funding share:<\/strong> \u20ac16 million<\/li>\n<li><strong>Leading partner:<\/strong> Agenzia per la cybersicurezza nazionale (ACN)<\/li>\n<li><strong>Project partners:<\/strong> Plattform Industrie 4.0 Austria, Centre Pour La Cybers\u00e9curit\u00e9 (Belgium), Cyber4.0 and Idear-RE (Italy), Luxembourg House Of Cybersecurity (Luxembourg), Naukowa i Akademicka Sie\u0107 Komputerowa \u2013 National Research Institute (Poland), National Coordination Centre-RO (Romania), and Instituto Nacional De Ciberseguridad De Espa\u00f1a (Spain)<\/li>\n<\/ul>\n<p>The project is developing a policy framework to support long-term collaboration and strengthen innovation capacity through knowledge exchange and pilot programmes.[\/vc_column_text][\/vc_column][vc_column width=&#8221;1\/3&#8243;][vc_row_inner el_class=&#8221;sidebar-widget&#8221;][vc_column_inner el_class=&#8221;bg-lightblue widget-header&#8221;][vc_column_text]<\/p>\n<h2>KOMMENDE<br \/>\nVERANSTALTUNGEN<\/h2>\n<p>[\/vc_column_text][\/vc_column_inner][vc_column_inner el_class=&#8221;bg-lightblue&#8221;]<div id=\"wps-simple-calendar-grid\"><div class=\"event\"><div class=\"date\">07.04.2026<\/div><div class=\"details\"><div class=\"title\"><a href=\"https:\/\/plattformindustrie40.at\/en\/blog\/event\/digitaler-produktpass-check-in-13-2\/\">Digitaler Produktpass \u2013 Check-In #14<\/a><\/div><\/div><\/div><div class=\"event\"><div class=\"date\">09.04.2026<\/div><div class=\"details\"><div class=\"title\"><a href=\"https:\/\/plattformindustrie40.at\/en\/blog\/event\/technology-insight-opc-ua-field-exchange-uafx-und-der-cyber-resilience-act-cra\/\">Technology Insight: OPC UA Field eXchange (UAFX) und der Cyber Resilience Act (CRA)<\/a><\/div><\/div><\/div><div class=\"event\"><div class=\"date\">10.04.2026<\/div><div class=\"details\"><div class=\"title\"><a href=\"https:\/\/plattformindustrie40.at\/en\/blog\/event\/datenaustausch-in-der-produktion-neuigkeiten-und-entwicklungen-check-in\/\">Datenaustausch in der Produktion: Neuigkeiten und Entwicklungen (Check-In)<\/a><\/div><\/div><\/div><\/div>[\/vc_column_inner][\/vc_row_inner][vc_row_inner el_class=&#8221;sidebar-widget&#8221;][vc_column_inner el_class=&#8221;bg-lightblue widget-header&#8221;][vc_column_text]<\/p>\n<h2>WEITERF\u00dcHRENDE<br \/>\nPROJEKTE<\/h2>\n<p>[\/vc_column_text][\/vc_column_inner][vc_column_inner el_class=&#8221;bg-lightblue weiterfuehrende-projekte-widget-col&#8221;]    <div class=\"weiterfuehrende-projekte-widget\">\n        <div class=\"title\">\n                            <h3><a href=\"https:\/\/digitaleindustrie.at\/\">DIVE<\/a><\/h3>\n                    <\/div>\n        <div class=\"ftd-img\">\n                            <a href=\"https:\/\/digitaleindustrie.at\/\"><img decoding=\"async\" src=\"https:\/\/plattformindustrie40.at\/wp-content\/uploads\/2024\/06\/Header-4-scaled-e1719586695833.jpg\" alt=\"DIVE\"><\/a>\n                    <\/div>\n    <\/div>\n    [\/vc_column_inner][\/vc_row_inner][vc_row_inner disable_element=&#8221;yes&#8221; el_class=&#8221;sidebar-widget&#8221;][vc_column_inner el_class=&#8221;bg-lightblue widget-header&#8221;][vc_column_text]<\/p>\n<h2>PUBLIKATIONEN<\/h2>\n<p>[\/vc_column_text][\/vc_column_inner][vc_column_inner el_class=&#8221;bg-lightblue widget-publikation-col&#8221;][vc_column_text]<a href=\"https:\/\/#\">Publikation Name<\/a>[\/vc_column_text][vc_column_text]<a href=\"https:\/\/#\">Publikation Name<\/a>[\/vc_column_text][vc_column_text]<a href=\"https:\/\/#\">Publikation Name<\/a>[\/vc_column_text][\/vc_column_inner][\/vc_row_inner][vc_row_inner el_class=&#8221;sidebar-widget&#8221;][vc_column_inner el_class=&#8221;bg-lightblue widget-header&#8221;][vc_column_text css=&#8221;&#8221;]<\/p>\n<h2>Kontakt<\/h2>\n<p>[\/vc_column_text][\/vc_column_inner][vc_column_inner el_class=&#8221;bg-lightblue widget-publikation-col&#8221;][vc_column_text css=&#8221;&#8221;]E-Mail:<br \/>\nstefanie.werderits@plattformindustrie40.at<\/p>\n<p>[\/vc_column_text][vc_column_text css=&#8221;&#8221;]Telefon:<br \/>\n+43 664 820 56 53<\/p>\n<p>[\/vc_column_text][\/vc_column_inner][\/vc_row_inner][\/vc_column][\/vc_row][vc_row full_width=&#8221;stretch_row&#8221; css=&#8221;.vc_custom_1716817624967{margin-top: 30px !important;background-color: #e8f2f7 !important;}&#8221; el_class=&#8221;news-grid&#8221;][vc_column][vc_column_text]<\/p>\n<h2>AKTUELLES ZUM THEMENSCHWERPUNKT<\/h2>\n<p>[\/vc_column_text][vc_basic_grid post_type=&#8221;post&#8221; max_items=&#8221;6&#8243; item=&#8221;24794&#8243; css=&#8221;&#8221; grid_id=&#8221;vc_gid:1753732841070-7bd89219-f76d-7&#8243; taxonomies=&#8221;287&#8243;][vc_btn title=&#8221;ALLE BEITR\u00c4GE&#8221; style=&#8221;flat&#8221; shape=&#8221;square&#8221; align=&#8221;center&#8221; css=&#8221;&#8221; el_class=&#8221;my-button&#8221; link=&#8221;url:https%3A%2F%2Fplattformindustrie40.at%2Falle-beitraege%2F&#8221;][vc_empty_space height=&#8221;60px&#8221;][\/vc_column][\/vc_row]<\/p>\n<\/div>","protected":false},"excerpt":{"rendered":"<p>[vc_row full_width=&#8221;stretch_row_content_no_spaces&#8221; css=&#8221;.vc_custom_1753723324902{background-image: url(https:\/\/plattformindustrie40.at\/wp-content\/uploads\/2025\/07\/Headerbild-Secure-1.png?id=28146) !important;}&#8221; el_class=&#8221;hero-section&#8221;][vc_column el_class=&#8221;my-header&#8221;][\/vc_column][\/vc_row][vc_row el_class=&#8221;sidebar-section&#8221;][vc_column width=&#8221;2\/3&#8243;][vc_column_text css=&#8221;&#8221;] SECURE &#8211; Strengthening EU SMEs Cyber Resilience [\/vc_column_text][vc_column_text css=&#8221;&#8221;] Das [&#8230;]<\/p>\n<p><a class=\"btn btn-secondary understrap-read-more-link\" href=\"https:\/\/plattformindustrie40.at\/en\/secure-strengthening-eu-smes-cyber-resilience\/\">Read More&#8230;<span class=\"screen-reader-text\"> from SECURE &#8211; Strengthening EU SMEs Cyber Resilience<\/span><\/a><\/p>\n","protected":false},"author":24,"featured_media":0,"parent":0,"menu_order":0,"comment_status":"closed","ping_status":"closed","template":"tmp-page-no-title.php","meta":{"_acf_changed":false,"footnotes":""},"class_list":["post-28157","page","type-page","status-publish","hentry"],"acf":[],"yoast_head":"<!-- This site is optimized with the Yoast SEO plugin v27.3 - https:\/\/yoast.com\/product\/yoast-seo-wordpress\/ -->\n<title>SECURE - Strengthening EU SMEs Cyber Resilience - Plattform Industrie 4.0<\/title>\n<meta name=\"description\" content=\"Das Projekt SECURE unterst\u00fctzt und st\u00e4rkt die Cyber-Resilienz europ\u00e4ischer KMU, sch\u00fctzt sie vor Cyber-Bedrohungen und tr\u00e4gt somit zur Wahrung der Integrit\u00e4t des digitalen Binnenmarkts der EU bei.\" \/>\n<meta name=\"robots\" content=\"index, follow, max-snippet:-1, max-image-preview:large, max-video-preview:-1\" \/>\n<link rel=\"canonical\" href=\"https:\/\/plattformindustrie40.at\/en\/secure-strengthening-eu-smes-cyber-resilience\/\" \/>\n<meta property=\"og:locale\" content=\"en_US\" \/>\n<meta property=\"og:type\" content=\"article\" \/>\n<meta property=\"og:title\" content=\"SECURE - Strengthening EU SMEs Cyber Resilience - Plattform Industrie 4.0\" \/>\n<meta property=\"og:description\" content=\"Das Projekt SECURE unterst\u00fctzt und st\u00e4rkt die Cyber-Resilienz europ\u00e4ischer KMU, sch\u00fctzt sie vor Cyber-Bedrohungen und tr\u00e4gt somit zur Wahrung der Integrit\u00e4t des digitalen Binnenmarkts der EU bei.\" \/>\n<meta property=\"og:url\" content=\"https:\/\/plattformindustrie40.at\/en\/secure-strengthening-eu-smes-cyber-resilience\/\" \/>\n<meta property=\"og:site_name\" content=\"Plattform Industrie 4.0\" \/>\n<meta property=\"article:modified_time\" content=\"2025-07-28T20:05:00+00:00\" \/>\n<meta name=\"twitter:card\" content=\"summary_large_image\" \/>\n<meta name=\"twitter:label1\" content=\"Est. reading time\" \/>\n\t<meta name=\"twitter:data1\" content=\"3 minutes\" \/>\n<script type=\"application\/ld+json\" class=\"yoast-schema-graph\">{\"@context\":\"https:\\\/\\\/schema.org\",\"@graph\":[{\"@type\":\"WebPage\",\"@id\":\"https:\\\/\\\/plattformindustrie40.at\\\/en\\\/secure-strengthening-eu-smes-cyber-resilience\\\/\",\"url\":\"https:\\\/\\\/plattformindustrie40.at\\\/en\\\/secure-strengthening-eu-smes-cyber-resilience\\\/\",\"name\":\"SECURE - Strengthening EU SMEs Cyber Resilience - Plattform Industrie 4.0\",\"isPartOf\":{\"@id\":\"https:\\\/\\\/plattformindustrie40.at\\\/#website\"},\"datePublished\":\"2025-07-28T17:23:33+00:00\",\"dateModified\":\"2025-07-28T20:05:00+00:00\",\"description\":\"Das Projekt SECURE unterst\u00fctzt und st\u00e4rkt die Cyber-Resilienz europ\u00e4ischer KMU, sch\u00fctzt sie vor Cyber-Bedrohungen und tr\u00e4gt somit zur Wahrung der Integrit\u00e4t des digitalen Binnenmarkts der EU bei.\",\"breadcrumb\":{\"@id\":\"https:\\\/\\\/plattformindustrie40.at\\\/en\\\/secure-strengthening-eu-smes-cyber-resilience\\\/#breadcrumb\"},\"inLanguage\":\"en-US\",\"potentialAction\":[{\"@type\":\"ReadAction\",\"target\":[\"https:\\\/\\\/plattformindustrie40.at\\\/en\\\/secure-strengthening-eu-smes-cyber-resilience\\\/\"]}]},{\"@type\":\"BreadcrumbList\",\"@id\":\"https:\\\/\\\/plattformindustrie40.at\\\/en\\\/secure-strengthening-eu-smes-cyber-resilience\\\/#breadcrumb\",\"itemListElement\":[{\"@type\":\"ListItem\",\"position\":1,\"name\":\"Startseite\",\"item\":\"https:\\\/\\\/plattformindustrie40.at\\\/en\\\/\"},{\"@type\":\"ListItem\",\"position\":2,\"name\":\"SECURE &#8211; Strengthening EU SMEs Cyber Resilience\"}]},{\"@type\":\"WebSite\",\"@id\":\"https:\\\/\\\/plattformindustrie40.at\\\/#website\",\"url\":\"https:\\\/\\\/plattformindustrie40.at\\\/\",\"name\":\"Plattform Industrie 4.0\",\"description\":\"Online-Auftritt der Plattform Industrie 4.0\",\"publisher\":{\"@id\":\"https:\\\/\\\/plattformindustrie40.at\\\/#organization\"},\"potentialAction\":[{\"@type\":\"SearchAction\",\"target\":{\"@type\":\"EntryPoint\",\"urlTemplate\":\"https:\\\/\\\/plattformindustrie40.at\\\/?s={search_term_string}\"},\"query-input\":{\"@type\":\"PropertyValueSpecification\",\"valueRequired\":true,\"valueName\":\"search_term_string\"}}],\"inLanguage\":\"en-US\"},{\"@type\":\"Organization\",\"@id\":\"https:\\\/\\\/plattformindustrie40.at\\\/#organization\",\"name\":\"Plattform Industrie 4.0\",\"url\":\"https:\\\/\\\/plattformindustrie40.at\\\/\",\"logo\":{\"@type\":\"ImageObject\",\"inLanguage\":\"en-US\",\"@id\":\"https:\\\/\\\/plattformindustrie40.at\\\/#\\\/schema\\\/logo\\\/image\\\/\",\"url\":\"https:\\\/\\\/plattformindustrie40.at\\\/wp-content\\\/uploads\\\/2025\\\/04\\\/Ind40_10J_Logo-1.svg\",\"contentUrl\":\"https:\\\/\\\/plattformindustrie40.at\\\/wp-content\\\/uploads\\\/2025\\\/04\\\/Ind40_10J_Logo-1.svg\",\"caption\":\"Plattform Industrie 4.0\"},\"image\":{\"@id\":\"https:\\\/\\\/plattformindustrie40.at\\\/#\\\/schema\\\/logo\\\/image\\\/\"}}]}<\/script>\n<!-- \/ Yoast SEO plugin. -->","yoast_head_json":{"title":"SECURE - Strengthening EU SMEs Cyber Resilience - Plattform Industrie 4.0","description":"Das Projekt SECURE unterst\u00fctzt und st\u00e4rkt die Cyber-Resilienz europ\u00e4ischer KMU, sch\u00fctzt sie vor Cyber-Bedrohungen und tr\u00e4gt somit zur Wahrung der Integrit\u00e4t des digitalen Binnenmarkts der EU bei.","robots":{"index":"index","follow":"follow","max-snippet":"max-snippet:-1","max-image-preview":"max-image-preview:large","max-video-preview":"max-video-preview:-1"},"canonical":"https:\/\/plattformindustrie40.at\/en\/secure-strengthening-eu-smes-cyber-resilience\/","og_locale":"en_US","og_type":"article","og_title":"SECURE - Strengthening EU SMEs Cyber Resilience - Plattform Industrie 4.0","og_description":"Das Projekt SECURE unterst\u00fctzt und st\u00e4rkt die Cyber-Resilienz europ\u00e4ischer KMU, sch\u00fctzt sie vor Cyber-Bedrohungen und tr\u00e4gt somit zur Wahrung der Integrit\u00e4t des digitalen Binnenmarkts der EU bei.","og_url":"https:\/\/plattformindustrie40.at\/en\/secure-strengthening-eu-smes-cyber-resilience\/","og_site_name":"Plattform Industrie 4.0","article_modified_time":"2025-07-28T20:05:00+00:00","twitter_card":"summary_large_image","twitter_misc":{"Est. reading time":"3 minutes"},"schema":{"@context":"https:\/\/schema.org","@graph":[{"@type":"WebPage","@id":"https:\/\/plattformindustrie40.at\/en\/secure-strengthening-eu-smes-cyber-resilience\/","url":"https:\/\/plattformindustrie40.at\/en\/secure-strengthening-eu-smes-cyber-resilience\/","name":"SECURE - Strengthening EU SMEs Cyber Resilience - Plattform Industrie 4.0","isPartOf":{"@id":"https:\/\/plattformindustrie40.at\/#website"},"datePublished":"2025-07-28T17:23:33+00:00","dateModified":"2025-07-28T20:05:00+00:00","description":"Das Projekt SECURE unterst\u00fctzt und st\u00e4rkt die Cyber-Resilienz europ\u00e4ischer KMU, sch\u00fctzt sie vor Cyber-Bedrohungen und tr\u00e4gt somit zur Wahrung der Integrit\u00e4t des digitalen Binnenmarkts der EU bei.","breadcrumb":{"@id":"https:\/\/plattformindustrie40.at\/en\/secure-strengthening-eu-smes-cyber-resilience\/#breadcrumb"},"inLanguage":"en-US","potentialAction":[{"@type":"ReadAction","target":["https:\/\/plattformindustrie40.at\/en\/secure-strengthening-eu-smes-cyber-resilience\/"]}]},{"@type":"BreadcrumbList","@id":"https:\/\/plattformindustrie40.at\/en\/secure-strengthening-eu-smes-cyber-resilience\/#breadcrumb","itemListElement":[{"@type":"ListItem","position":1,"name":"Startseite","item":"https:\/\/plattformindustrie40.at\/en\/"},{"@type":"ListItem","position":2,"name":"SECURE &#8211; Strengthening EU SMEs Cyber Resilience"}]},{"@type":"WebSite","@id":"https:\/\/plattformindustrie40.at\/#website","url":"https:\/\/plattformindustrie40.at\/","name":"Plattform Industrie 4.0","description":"Online-Auftritt der Plattform Industrie 4.0","publisher":{"@id":"https:\/\/plattformindustrie40.at\/#organization"},"potentialAction":[{"@type":"SearchAction","target":{"@type":"EntryPoint","urlTemplate":"https:\/\/plattformindustrie40.at\/?s={search_term_string}"},"query-input":{"@type":"PropertyValueSpecification","valueRequired":true,"valueName":"search_term_string"}}],"inLanguage":"en-US"},{"@type":"Organization","@id":"https:\/\/plattformindustrie40.at\/#organization","name":"Plattform Industrie 4.0","url":"https:\/\/plattformindustrie40.at\/","logo":{"@type":"ImageObject","inLanguage":"en-US","@id":"https:\/\/plattformindustrie40.at\/#\/schema\/logo\/image\/","url":"https:\/\/plattformindustrie40.at\/wp-content\/uploads\/2025\/04\/Ind40_10J_Logo-1.svg","contentUrl":"https:\/\/plattformindustrie40.at\/wp-content\/uploads\/2025\/04\/Ind40_10J_Logo-1.svg","caption":"Plattform Industrie 4.0"},"image":{"@id":"https:\/\/plattformindustrie40.at\/#\/schema\/logo\/image\/"}}]}},"_links":{"self":[{"href":"https:\/\/plattformindustrie40.at\/en\/wp-json\/wp\/v2\/pages\/28157","targetHints":{"allow":["GET"]}}],"collection":[{"href":"https:\/\/plattformindustrie40.at\/en\/wp-json\/wp\/v2\/pages"}],"about":[{"href":"https:\/\/plattformindustrie40.at\/en\/wp-json\/wp\/v2\/types\/page"}],"author":[{"embeddable":true,"href":"https:\/\/plattformindustrie40.at\/en\/wp-json\/wp\/v2\/users\/24"}],"replies":[{"embeddable":true,"href":"https:\/\/plattformindustrie40.at\/en\/wp-json\/wp\/v2\/comments?post=28157"}],"version-history":[{"count":3,"href":"https:\/\/plattformindustrie40.at\/en\/wp-json\/wp\/v2\/pages\/28157\/revisions"}],"predecessor-version":[{"id":28161,"href":"https:\/\/plattformindustrie40.at\/en\/wp-json\/wp\/v2\/pages\/28157\/revisions\/28161"}],"wp:attachment":[{"href":"https:\/\/plattformindustrie40.at\/en\/wp-json\/wp\/v2\/media?parent=28157"}],"curies":[{"name":"wp","href":"https:\/\/api.w.org\/{rel}","templated":true}]}}