{"id":27481,"date":"2025-04-16T14:09:28","date_gmt":"2025-04-16T14:09:28","guid":{"rendered":"https:\/\/plattformindustrie40.at\/?page_id=27481"},"modified":"2025-04-16T14:09:28","modified_gmt":"2025-04-16T14:09:28","slug":"digital-product-passport","status":"publish","type":"page","link":"https:\/\/plattformindustrie40.at\/en\/digital-product-passport\/","title":{"rendered":"DIGITAL PRODUCT PASSPORT"},"content":{"rendered":"<div class=\"wpb-content-wrapper\"><p>[vc_row full_width=&#8221;stretch_row_content_no_spaces&#8221; css=&#8221;.vc_custom_1718965314848{background-image: url(https:\/\/plattformindustrie40.at\/wp-content\/uploads\/2024\/06\/AdobeStock_478375610-1024&#215;540-1.jpeg?id=24994) !important;}&#8221; el_class=&#8221;hero-section&#8221;][vc_column el_class=&#8221;my-header&#8221;][\/vc_column][\/vc_row][vc_row el_class=&#8221;sidebar-section&#8221;][vc_column width=&#8221;2\/3&#8243;][vc_column_text css=&#8221;&#8221;]<\/p>\n<h1>DIGITAL PRODUCT PASSPORT<\/h1>\n<p>[\/vc_column_text][vc_column_text css=&#8221;&#8221;]<\/p>\n<p data-pm-slice=\"1 1 []\"><strong>This page provides an overview of the activities, contributions, and publications of Plattform Industrie 4.0 related to the Digital Product Passport.<\/strong><\/p>\n<p>\u2192 <a href=\"https:\/\/plattformindustrie40.at\/digitaler-produktpass\/\">CLICK HERE to register directly for the DPP Check-Ins<\/a>.[\/vc_column_text][vc_column_text css=&#8221;&#8221;]<\/p>\n<p data-pm-slice=\"1 1 []\">The <strong>Digital Product Passport (DPP)<\/strong> is a key element of the <strong>European circular economy strategy<\/strong> and originates from the <strong>Ecodesign Regulation<\/strong>. Initiated through the DPP, a digital infrastructure for circularity is being established. In the future, information along a product\u2019s value chain will be collected, stored, and made digitally accessible (e.g., via QR code) to make <strong>specific data<\/strong>\u2014such as carbon footprint, repairability, or toxic substances\u2014readily available. This is intended to drive <strong>product circularity<\/strong>, better inform customers in their <strong>purchase decisions<\/strong>, and provide overall <strong>transparency along the value chain<\/strong>.<\/p>\n<p>Initial DPP implementation is planned for <strong>batteries (from February 2027)<\/strong>, <strong>textiles<\/strong>, <strong>iron &amp; steel<\/strong>, and the <strong>construction sector (from 2028)<\/strong>. In the coming years, additional regulations for many more product categories will be introduced. Since the Ecodesign Regulation is a framework regulation, the specifics for each product group will be defined in separate regulations and developed through <strong>Delegated Acts<\/strong>, planned over the next few years.<\/p>\n<p>Currently, there are many open questions regarding the DPP\u2014such as how it should be structured, what information will be required for which product groups, when it will become mandatory, and how industrial companies can implement it efficiently. Additionally, developments around the DPP are extremely dynamic: new projects and initiatives are emerging, regular updates on regulations, Delegated Acts, and standardization are being published, and more and more IT service providers are entering the market offering DPP-related services\u2014keeping track of all of this is a challenge.<\/p>\n<p>For this reason, <strong>Plattform Industrie 4.0<\/strong> has been providing regular updates on the DPP since <strong>January 2024<\/strong>. At the core of this communication are the <strong>DPP Check-Ins<\/strong>\u2014one-hour online meetings held every 1\u20132 months, where the most important updates on the DPP are shared.<\/p>\n<p>These Check-Ins are based on the December 2023 publication <a href=\"https:\/\/plattformindustrie40.at\/wp-content\/uploads\/2023\/12\/DigitalerProduktpass_Status-Quo.pdf\">&#8220;<strong>Digitaler Produktpass \u2013 Status Quo<\/strong>&#8220;<\/a>, which compiles the fundamental information about the DPP. In addition, the <a href=\"https:\/\/plattformindustrie40.at\/wp-content\/uploads\/2024\/10\/Digitaler-Produktpass-Fact-Sheet-EN-10_24.pdf\">&#8220;<strong>DPP Fact Sheet<\/strong>&#8220;<\/a> provides a summary of key points as of July 2024.<\/p>\n<p>Building on these, the Check-Ins present current updates and offer a forum to discuss the latest DPP developments. Each Check-In also includes a <strong>focus topic with a guest presentation<\/strong> (e.g., standards for the DPP, research projects), along with the opportunity to <strong>ask questions to the DPP community<\/strong> or discuss specific aspects.<\/p>\n<p>The DPP Check-Ins are therefore both an <strong>informational foundation<\/strong> and a means to <strong>build a DPP community<\/strong>. A <strong>follow-up report<\/strong> is published after each Check-In summarizing the key content and providing relevant links.<\/p>\n<p>[\/vc_column_text][vc_column_text css=&#8221;&#8221;]<\/p>\n<h2>Dokuments &amp; Posts<\/h2>\n<p>[\/vc_column_text][vc_column_text css=&#8221;&#8221;]<\/p>\n<p class=\"\" data-start=\"111\" data-end=\"572\"><a href=\"https:\/\/plattformindustrie40.at\/wp-content\/uploads\/2023\/11\/DigitalerProduktpass_0112.pdf\"><strong data-start=\"111\" data-end=\"153\">Digital Product Passport \u2013 Status Quo:<\/strong><\/a><br data-start=\"153\" data-end=\"156\" \/>This document provides a comprehensive overview of the Digital Product Passport, as of December 2023. It was created based on an event held in November 2023. All materials and presentations from the event can be found [here]. This document therefore offers a solid foundational knowledge base, but does not include any new updates \u2013 the latest information is shared through the Check-Ins and their follow-up reports.<\/p>\n<p class=\"\" data-start=\"574\" data-end=\"873\"><a href=\"https:\/\/plattformindustrie40.at\/wp-content\/uploads\/2024\/10\/Digitaler-Produktpass-Fact-Sheet-EN-10_24.pdf\"><strong data-start=\"574\" data-end=\"616\">Digital Product Passport \u2013 Fact Sheet:<\/strong><\/a><br data-start=\"616\" data-end=\"619\" \/>The Fact Sheet summarizes the most important information about the DPP in a concise format, as of July 2024. This document is recommended for anyone seeking a first, focused insight into the DPP.<\/p>\n<p class=\"\" data-start=\"875\" data-end=\"1523\"><strong data-start=\"875\" data-end=\"893\">DPP Check-Ins:<\/strong><br data-start=\"893\" data-end=\"896\" \/>The DPP Check-Ins provide regular updates on the DPP. Some prior knowledge (e.g., from the Fact Sheet or the Status Quo document) is beneficial for these Check-Ins. In each Check-In, we share DPP updates, focus on a specific key topic, and aim to create a space for discussion and exchange. The Check-Ins currently take place every 1\u20132 months, and each includes a detailed follow-up report with lots of information and links. The follow-up reports from past Check-Ins can be found below; the most up-to-date information is always in the latest Check-In. The Check-Ins are freely available to everyone \u2013 you can register <a href=\"https:\/\/plattformindustrie40.at\/24462-2\/\">here<\/a>.<\/p>\n<ul>\n<li><span style=\"text-decoration: underline\"><a href=\"https:\/\/plattformindustrie40.at\/blog\/2024\/01\/19\/digitaler-produktpass-check-in-1\/\">Check-In #1<\/a>:<\/span> 16.01.2024<\/li>\n<li><span style=\"text-decoration: underline\"><a href=\"https:\/\/plattformindustrie40.at\/blog\/2024\/03\/05\/digitaler-produktpass-check-in-2\/\">Check-In #2:<\/a><\/span> 04.03.2024<\/li>\n<li><span style=\"text-decoration: underline\"><a href=\"https:\/\/plattformindustrie40.at\/blog\/2024\/04\/19\/digitaler-produktpass-check-in-3\/\">Check-In #3:<\/a><\/span> 18.04.2024<\/li>\n<li><span style=\"text-decoration: underline\"><a href=\"https:\/\/plattformindustrie40.at\/blog\/2024\/05\/29\/digitaler-produktpass-check-in-4\/\">Check-In #4:<\/a><\/span> 27.05.2024<\/li>\n<li><span style=\"text-decoration: underline\"><a href=\"https:\/\/plattformindustrie40.at\/en\/blog\/2025\/04\/16\/digitaler-produktpass-check-in-5\/\">Check-In #5:<\/a><\/span> 02.07.2024<\/li>\n<li><span style=\"text-decoration: underline\"><a href=\"https:\/\/plattformindustrie40.at\/en\/blog\/2025\/04\/16\/digitaler-produktpass-check-in-6\/\">Check-In #6:<\/a><\/span> 09.09.2024<\/li>\n<li><a href=\"https:\/\/plattformindustrie40.at\/en\/blog\/2025\/04\/16\/digitaler-produktpass-check-in-7\/\"><span style=\"text-decoration: underline\">Check-In #7:<\/span><\/a> 19.11.2024<\/li>\n<li><a href=\"https:\/\/plattformindustrie40.at\/en\/blog\/2025\/04\/16\/digitaler-produktpass-check-in-8\/\">Check-In #8:<\/a> 19.02.2025<\/li>\n<li><a href=\"https:\/\/plattformindustrie40.at\/blog\/2025\/04\/09\/digitaler-produktpass-check-in-9\/\">Check-In #9:<\/a> 07.04.2025 &#8211; This Check-In includes the latest information about the DPP and many links to additional resources. In combination with the Fact Sheet, for example, the current Check-Ins provide a good overview of the DPP and its current status.<\/li>\n<\/ul>\n<p>If you have any questions about the documents, the Check-Ins, or the DPP in general, please feel free to contact <strong data-start=\"443\" data-end=\"466\">Verena Halmschlager<\/strong>.[\/vc_column_text][\/vc_column][vc_column width=&#8221;1\/3&#8243;][vc_row_inner el_class=&#8221;sidebar-widget&#8221;][vc_column_inner el_class=&#8221;bg-lightblue widget-header&#8221;][vc_column_text]<\/p>\n<h2>KOMMENDE<br \/>\nVERANSTALTUNGEN<\/h2>\n<p>[\/vc_column_text][\/vc_column_inner][vc_column_inner el_class=&#8221;bg-lightblue&#8221;]<div id=\"wps-simple-calendar-grid\"><div class=\"event\"><div class=\"date\">23.04.2026<\/div><div class=\"details\"><div class=\"title\"><a href=\"https:\/\/plattformindustrie40.at\/en\/blog\/event\/research-insight-15-chinesischer-fuenfjahresplan-implikationen-fuer-die-europaeische-industrie\/\">Research Insight: 15. chinesischer F\u00fcnfjahresplan, Implikationen f\u00fcr die europ\u00e4ische Industrie<\/a><\/div><\/div><\/div><div class=\"event\"><div class=\"date\">28.04.2026<\/div><div class=\"details\"><div class=\"title\"><a href=\"https:\/\/plattformindustrie40.at\/en\/blog\/event\/6-webinar-ki-use-cases-future-skills\/\">6. Webinar KI-Use Cases &#038; Future Skills<\/a><\/div><\/div><\/div><div class=\"event\"><div class=\"date\">10.12.2026<\/div><div class=\"details\"><div class=\"title\"><a href=\"https:\/\/plattformindustrie40.at\/en\/blog\/event\/summit-industrie-4-0-10-dezember-2026\/\">Summit Industrie 4.0 &#8211; 10. Dezember 2026<\/a><\/div><\/div><\/div><\/div>[\/vc_column_inner][\/vc_row_inner][vc_row_inner el_class=&#8221;sidebar-widget&#8221;][vc_column_inner el_class=&#8221;bg-lightblue widget-header&#8221;][vc_column_text]<\/p>\n<h2>WEITERF\u00dcHRENDE<br \/>\nPROJEKTE<\/h2>\n<p>[\/vc_column_text][\/vc_column_inner][vc_column_inner el_class=&#8221;bg-lightblue weiterfuehrende-projekte-widget-col&#8221;]    <div class=\"weiterfuehrende-projekte-widget\">\n        <div class=\"title\">\n                            <h3><a href=\"https:\/\/plattformindustrie40.at\/cirpass-2\/\">CIRPASS-2<\/a><\/h3>\n                    <\/div>\n        <div class=\"ftd-img\">\n                            <a href=\"https:\/\/plattformindustrie40.at\/cirpass-2\/\"><img decoding=\"async\" src=\"https:\/\/plattformindustrie40.at\/wp-content\/uploads\/2024\/06\/Consortium-photo-1-scaled.jpeg\" alt=\"CIRPASS-2\"><\/a>\n                    <\/div>\n    <\/div>\n    [\/vc_column_inner][\/vc_row_inner][vc_row_inner el_class=&#8221;sidebar-widget&#8221;][vc_column_inner el_class=&#8221;bg-lightblue widget-header&#8221;][vc_column_text]<\/p>\n<h2>PUBLIKATIONEN<\/h2>\n<p>[\/vc_column_text][\/vc_column_inner][vc_column_inner el_class=&#8221;bg-lightblue widget-publikation-col&#8221;][vc_column_text css=&#8221;&#8221;]<a href=\"https:\/\/plattformindustrie40.at\/wp-content\/uploads\/2024\/07\/Digitaler-Produktpass-Fact-Sheet-07_24.pdf\">Digitaler Produktpass \u2013 Fact Sheet<\/a>[\/vc_column_text][vc_column_text css=&#8221;&#8221;]<a href=\"https:\/\/plattformindustrie40.at\/wp-content\/uploads\/2023\/12\/DigitalerProduktpass_Status-Quo.pdf\">Digitaler Produktpass \u2013 Status Quo<\/a>[\/vc_column_text][vc_column_text css=&#8221;&#8221;]<a href=\"https:\/\/plattformindustrie40.at\/wp-content\/uploads\/2024\/03\/Auf-dem-Weg-zu-Kreislaufwirtschaft-Plattform-Industrie-4.0.pdf\">Ergebnispapier \u201eAuf dem Weg zur Kreislaufwirtschaft \u2013 Key-Enabler und politische Impulse f\u00fcr eine zukunftsf\u00e4hige Produktion und Wertsch\u00f6pfung in \u00d6sterreich\u201c<\/a>[\/vc_column_text][\/vc_column_inner][\/vc_row_inner][vc_row_inner el_class=&#8221;sidebar-widget&#8221;][vc_column_inner el_class=&#8221;bg-lightblue widget-header&#8221;][vc_column_text css=&#8221;&#8221;]<\/p>\n<h2>Kontakt<\/h2>\n<p>[\/vc_column_text][\/vc_column_inner][vc_column_inner el_class=&#8221;bg-lightblue widget-publikation-col&#8221;][vc_column_text css=&#8221;&#8221;]E-Mail: <a href=\"mailto:verena.halmschlager@plattformindustrie40.at\">verena.halmschlager@plattformindustrie40.at<\/a>[\/vc_column_text][vc_column_text css=&#8221;&#8221;]Telefon: +43 664 88 348 169[\/vc_column_text][\/vc_column_inner][\/vc_row_inner][\/vc_column][\/vc_row][vc_row full_width=&#8221;stretch_row&#8221; css=&#8221;.vc_custom_1716817624967{margin-top: 30px !important;background-color: #e8f2f7 !important;}&#8221; el_class=&#8221;news-grid&#8221;][vc_column][vc_column_text]<\/p>\n<h2>AKTUELLES ZUM THEMENSCHWERPUNKT<\/h2>\n<p>[\/vc_column_text][vc_basic_grid post_type=&#8221;post&#8221; max_items=&#8221;6&#8243; item=&#8221;24794&#8243; css=&#8221;&#8221; grid_id=&#8221;vc_gid:1744812069528-227f8836-fb16-1&#8243; taxonomies=&#8221;247&#8243;][vc_btn title=&#8221;ALLE BEITR\u00c4GE&#8221; style=&#8221;flat&#8221; shape=&#8221;square&#8221; align=&#8221;center&#8221; css=&#8221;&#8221; el_class=&#8221;my-button&#8221; link=&#8221;url:https%3A%2F%2Fplattformindustrie40.at%2Falle-beitraege%2F&#8221;][vc_empty_space height=&#8221;60px&#8221;][\/vc_column][\/vc_row]<\/p>\n<\/div>","protected":false},"excerpt":{"rendered":"<p>[vc_row full_width=&#8221;stretch_row_content_no_spaces&#8221; css=&#8221;.vc_custom_1718965314848{background-image: url(https:\/\/plattformindustrie40.at\/wp-content\/uploads\/2024\/06\/AdobeStock_478375610-1024&#215;540-1.jpeg?id=24994) !important;}&#8221; el_class=&#8221;hero-section&#8221;][vc_column el_class=&#8221;my-header&#8221;][\/vc_column][\/vc_row][vc_row el_class=&#8221;sidebar-section&#8221;][vc_column width=&#8221;2\/3&#8243;][vc_column_text css=&#8221;&#8221;] DIGITAL PRODUCT PASSPORT [\/vc_column_text][vc_column_text css=&#8221;&#8221;] This page provides an overview [&#8230;]<\/p>\n<p><a class=\"btn btn-secondary understrap-read-more-link\" href=\"https:\/\/plattformindustrie40.at\/en\/digital-product-passport\/\">Read More&#8230;<span class=\"screen-reader-text\"> from DIGITAL PRODUCT PASSPORT<\/span><\/a><\/p>\n","protected":false},"author":22,"featured_media":0,"parent":0,"menu_order":0,"comment_status":"closed","ping_status":"closed","template":"tmp-page-no-title.php","meta":{"_acf_changed":false,"footnotes":""},"class_list":["post-27481","page","type-page","status-publish","hentry"],"acf":[],"yoast_head":"<!-- This site is optimized with the Yoast SEO plugin v27.3 - https:\/\/yoast.com\/product\/yoast-seo-wordpress\/ -->\n<title>DIGITAL PRODUCT PASSPORT - Plattform Industrie 4.0<\/title>\n<meta name=\"robots\" content=\"index, follow, max-snippet:-1, max-image-preview:large, max-video-preview:-1\" \/>\n<link rel=\"canonical\" href=\"https:\/\/plattformindustrie40.at\/en\/digital-product-passport\/\" \/>\n<meta property=\"og:locale\" content=\"en_US\" \/>\n<meta property=\"og:type\" content=\"article\" \/>\n<meta property=\"og:title\" content=\"DIGITAL PRODUCT PASSPORT - Plattform Industrie 4.0\" \/>\n<meta property=\"og:description\" content=\"[vc_row full_width=&#8221;stretch_row_content_no_spaces&#8221; css=&#8221;.vc_custom_1718965314848{background-image: url(https:\/\/plattformindustrie40.at\/wp-content\/uploads\/2024\/06\/AdobeStock_478375610-1024&#215;540-1.jpeg?id=24994) !important;}&#8221; el_class=&#8221;hero-section&#8221;][vc_column el_class=&#8221;my-header&#8221;][\/vc_column][\/vc_row][vc_row el_class=&#8221;sidebar-section&#8221;][vc_column width=&#8221;2\/3&#8243;][vc_column_text css=&#8221;&#8221;] DIGITAL PRODUCT PASSPORT [\/vc_column_text][vc_column_text css=&#8221;&#8221;] This page provides an overview [...]Read More... from DIGITAL PRODUCT PASSPORT\" \/>\n<meta property=\"og:url\" content=\"https:\/\/plattformindustrie40.at\/en\/digital-product-passport\/\" \/>\n<meta property=\"og:site_name\" content=\"Plattform Industrie 4.0\" \/>\n<meta name=\"twitter:card\" content=\"summary_large_image\" \/>\n<meta name=\"twitter:label1\" content=\"Est. reading time\" \/>\n\t<meta name=\"twitter:data1\" content=\"6 minutes\" \/>\n<script type=\"application\/ld+json\" class=\"yoast-schema-graph\">{\"@context\":\"https:\\\/\\\/schema.org\",\"@graph\":[{\"@type\":\"WebPage\",\"@id\":\"https:\\\/\\\/plattformindustrie40.at\\\/en\\\/digital-product-passport\\\/\",\"url\":\"https:\\\/\\\/plattformindustrie40.at\\\/en\\\/digital-product-passport\\\/\",\"name\":\"DIGITAL PRODUCT PASSPORT - Plattform Industrie 4.0\",\"isPartOf\":{\"@id\":\"https:\\\/\\\/plattformindustrie40.at\\\/#website\"},\"datePublished\":\"2025-04-16T14:09:28+00:00\",\"breadcrumb\":{\"@id\":\"https:\\\/\\\/plattformindustrie40.at\\\/en\\\/digital-product-passport\\\/#breadcrumb\"},\"inLanguage\":\"en-US\",\"potentialAction\":[{\"@type\":\"ReadAction\",\"target\":[\"https:\\\/\\\/plattformindustrie40.at\\\/en\\\/digital-product-passport\\\/\"]}]},{\"@type\":\"BreadcrumbList\",\"@id\":\"https:\\\/\\\/plattformindustrie40.at\\\/en\\\/digital-product-passport\\\/#breadcrumb\",\"itemListElement\":[{\"@type\":\"ListItem\",\"position\":1,\"name\":\"Startseite\",\"item\":\"https:\\\/\\\/plattformindustrie40.at\\\/en\\\/\"},{\"@type\":\"ListItem\",\"position\":2,\"name\":\"DIGITAL PRODUCT PASSPORT\"}]},{\"@type\":\"WebSite\",\"@id\":\"https:\\\/\\\/plattformindustrie40.at\\\/#website\",\"url\":\"https:\\\/\\\/plattformindustrie40.at\\\/\",\"name\":\"Plattform Industrie 4.0\",\"description\":\"Online-Auftritt der Plattform Industrie 4.0\",\"publisher\":{\"@id\":\"https:\\\/\\\/plattformindustrie40.at\\\/#organization\"},\"potentialAction\":[{\"@type\":\"SearchAction\",\"target\":{\"@type\":\"EntryPoint\",\"urlTemplate\":\"https:\\\/\\\/plattformindustrie40.at\\\/?s={search_term_string}\"},\"query-input\":{\"@type\":\"PropertyValueSpecification\",\"valueRequired\":true,\"valueName\":\"search_term_string\"}}],\"inLanguage\":\"en-US\"},{\"@type\":\"Organization\",\"@id\":\"https:\\\/\\\/plattformindustrie40.at\\\/#organization\",\"name\":\"Plattform Industrie 4.0\",\"url\":\"https:\\\/\\\/plattformindustrie40.at\\\/\",\"logo\":{\"@type\":\"ImageObject\",\"inLanguage\":\"en-US\",\"@id\":\"https:\\\/\\\/plattformindustrie40.at\\\/#\\\/schema\\\/logo\\\/image\\\/\",\"url\":\"https:\\\/\\\/plattformindustrie40.at\\\/wp-content\\\/uploads\\\/2025\\\/04\\\/Ind40_10J_Logo-1.svg\",\"contentUrl\":\"https:\\\/\\\/plattformindustrie40.at\\\/wp-content\\\/uploads\\\/2025\\\/04\\\/Ind40_10J_Logo-1.svg\",\"caption\":\"Plattform Industrie 4.0\"},\"image\":{\"@id\":\"https:\\\/\\\/plattformindustrie40.at\\\/#\\\/schema\\\/logo\\\/image\\\/\"}}]}<\/script>\n<!-- \/ Yoast SEO plugin. -->","yoast_head_json":{"title":"DIGITAL PRODUCT PASSPORT - Plattform Industrie 4.0","robots":{"index":"index","follow":"follow","max-snippet":"max-snippet:-1","max-image-preview":"max-image-preview:large","max-video-preview":"max-video-preview:-1"},"canonical":"https:\/\/plattformindustrie40.at\/en\/digital-product-passport\/","og_locale":"en_US","og_type":"article","og_title":"DIGITAL PRODUCT PASSPORT - Plattform Industrie 4.0","og_description":"[vc_row full_width=&#8221;stretch_row_content_no_spaces&#8221; css=&#8221;.vc_custom_1718965314848{background-image: url(https:\/\/plattformindustrie40.at\/wp-content\/uploads\/2024\/06\/AdobeStock_478375610-1024&#215;540-1.jpeg?id=24994) !important;}&#8221; el_class=&#8221;hero-section&#8221;][vc_column el_class=&#8221;my-header&#8221;][\/vc_column][\/vc_row][vc_row el_class=&#8221;sidebar-section&#8221;][vc_column width=&#8221;2\/3&#8243;][vc_column_text css=&#8221;&#8221;] DIGITAL PRODUCT PASSPORT [\/vc_column_text][vc_column_text css=&#8221;&#8221;] This page provides an overview [...]Read More... from DIGITAL PRODUCT PASSPORT","og_url":"https:\/\/plattformindustrie40.at\/en\/digital-product-passport\/","og_site_name":"Plattform Industrie 4.0","twitter_card":"summary_large_image","twitter_misc":{"Est. reading time":"6 minutes"},"schema":{"@context":"https:\/\/schema.org","@graph":[{"@type":"WebPage","@id":"https:\/\/plattformindustrie40.at\/en\/digital-product-passport\/","url":"https:\/\/plattformindustrie40.at\/en\/digital-product-passport\/","name":"DIGITAL PRODUCT PASSPORT - Plattform Industrie 4.0","isPartOf":{"@id":"https:\/\/plattformindustrie40.at\/#website"},"datePublished":"2025-04-16T14:09:28+00:00","breadcrumb":{"@id":"https:\/\/plattformindustrie40.at\/en\/digital-product-passport\/#breadcrumb"},"inLanguage":"en-US","potentialAction":[{"@type":"ReadAction","target":["https:\/\/plattformindustrie40.at\/en\/digital-product-passport\/"]}]},{"@type":"BreadcrumbList","@id":"https:\/\/plattformindustrie40.at\/en\/digital-product-passport\/#breadcrumb","itemListElement":[{"@type":"ListItem","position":1,"name":"Startseite","item":"https:\/\/plattformindustrie40.at\/en\/"},{"@type":"ListItem","position":2,"name":"DIGITAL PRODUCT PASSPORT"}]},{"@type":"WebSite","@id":"https:\/\/plattformindustrie40.at\/#website","url":"https:\/\/plattformindustrie40.at\/","name":"Plattform Industrie 4.0","description":"Online-Auftritt der Plattform Industrie 4.0","publisher":{"@id":"https:\/\/plattformindustrie40.at\/#organization"},"potentialAction":[{"@type":"SearchAction","target":{"@type":"EntryPoint","urlTemplate":"https:\/\/plattformindustrie40.at\/?s={search_term_string}"},"query-input":{"@type":"PropertyValueSpecification","valueRequired":true,"valueName":"search_term_string"}}],"inLanguage":"en-US"},{"@type":"Organization","@id":"https:\/\/plattformindustrie40.at\/#organization","name":"Plattform Industrie 4.0","url":"https:\/\/plattformindustrie40.at\/","logo":{"@type":"ImageObject","inLanguage":"en-US","@id":"https:\/\/plattformindustrie40.at\/#\/schema\/logo\/image\/","url":"https:\/\/plattformindustrie40.at\/wp-content\/uploads\/2025\/04\/Ind40_10J_Logo-1.svg","contentUrl":"https:\/\/plattformindustrie40.at\/wp-content\/uploads\/2025\/04\/Ind40_10J_Logo-1.svg","caption":"Plattform Industrie 4.0"},"image":{"@id":"https:\/\/plattformindustrie40.at\/#\/schema\/logo\/image\/"}}]}},"_links":{"self":[{"href":"https:\/\/plattformindustrie40.at\/en\/wp-json\/wp\/v2\/pages\/27481","targetHints":{"allow":["GET"]}}],"collection":[{"href":"https:\/\/plattformindustrie40.at\/en\/wp-json\/wp\/v2\/pages"}],"about":[{"href":"https:\/\/plattformindustrie40.at\/en\/wp-json\/wp\/v2\/types\/page"}],"author":[{"embeddable":true,"href":"https:\/\/plattformindustrie40.at\/en\/wp-json\/wp\/v2\/users\/22"}],"replies":[{"embeddable":true,"href":"https:\/\/plattformindustrie40.at\/en\/wp-json\/wp\/v2\/comments?post=27481"}],"version-history":[{"count":1,"href":"https:\/\/plattformindustrie40.at\/en\/wp-json\/wp\/v2\/pages\/27481\/revisions"}],"predecessor-version":[{"id":27482,"href":"https:\/\/plattformindustrie40.at\/en\/wp-json\/wp\/v2\/pages\/27481\/revisions\/27482"}],"wp:attachment":[{"href":"https:\/\/plattformindustrie40.at\/en\/wp-json\/wp\/v2\/media?parent=27481"}],"curies":[{"name":"wp","href":"https:\/\/api.w.org\/{rel}","templated":true}]}}