{"id":27388,"date":"2025-04-09T22:07:12","date_gmt":"2025-04-09T22:07:12","guid":{"rendered":"https:\/\/plattformindustrie40.at\/?page_id=27388"},"modified":"2025-04-30T12:19:05","modified_gmt":"2025-04-30T12:19:05","slug":"bridges-5-0","status":"publish","type":"page","link":"https:\/\/plattformindustrie40.at\/en\/bridges-5-0\/","title":{"rendered":"Bridges 5.0"},"content":{"rendered":"<div class=\"wpb-content-wrapper\"><p>[vc_row css=&#8221;.vc_custom_1719411693825{background-image: url(https:\/\/plattformindustrie40.at\/wp-content\/uploads\/2024\/06\/Logo-bunt.png?id=25198) !important;}&#8221;][vc_column el_class=&#8221;my-header&#8221; css=&#8221;.vc_custom_1719476534203{background-image: url(https:\/\/plattformindustrie40.at\/wp-content\/uploads\/2024\/06\/bridges-5-0-4-1.jpg?id=24850) !important;}&#8221;][\/vc_column][\/vc_row][vc_row el_class=&#8221;sidebar-section&#8221;][vc_column width=&#8221;2\/3&#8243;][vc_column_text css=&#8221;&#8221;]<\/p>\n<h1>Bridges 5.0<\/h1>\n<p>[\/vc_column_text][vc_column_text css=&#8221;&#8221;]<\/p>\n<p dir=\"auto\"><strong>Identifying Future Skills for Industry 5.0 and Deriving Necessary Measures<\/strong><\/p>\n<p dir=\"auto\">BRIDGES 5.0 is an EU Horizon project involving 15 international project partners, led by TNO (Netherlands Organisation for Applied Scientific Research), which started in early 2023. The Platform Industrie 4.0, along with FH Joanneum, Infineon Technologies Austria, and the AIT (Austrian Institute of Technology) as the national coordinator, is part of the Austrian project partners.<\/p>\n<p dir=\"auto\">The project aims to map the transformation of jobs in the digital economy over its four-year duration, identify skill gaps, and develop a roadmap for learning and competence development\u2014all with the active participation of companies, policymakers, and other stakeholders. The focus is on practical results that support companies in transitioning to a greener and fairer economy.<\/p>\n<p>[\/vc_column_text][vc_column_text css=&#8221;&#8221;]<\/p>\n<h2>PROJECT FACTS<\/h2>\n<p>[\/vc_column_text][vc_column_text css=&#8221;&#8221;]<\/p>\n<ul>\n<li><strong>Duration:<\/strong> 01\/2023 \u2013 12\/2026<\/li>\n<li><strong>19 project partners from 11 European countries:<\/strong> TNO \u2013 Nederlandse Organisatie voor toegepast natuurwetenschappelijk onderzoek, KUL \u2013 Katholieke Universiteit Leuven, AIT \u2013 Austrian Institute of Technology, LMS \u2013 Panepistimio Patron, CNAM \u2013 Conservatoire national des arts et metiers, DEGV \u2013 Departamento de educacion del gobierno vasco, TUDO \u2013 Technische Universit\u00e4t Dortmund, PBT \u2013 Stichting platform beta en techniek, MGEP \u2013 Mondragon goi eskola politeknikoa Jose Maria Arizmendiarietia s Coop, LPK \u2013 Lietuvis Pramonininku Konfederacija, UNIBA \u2013 Universita degli studi di Bari Aldo Moro, UIA \u2013 Universitetet i Agder, WIE \u2013 Workplace Innovation Europe CLG, COMAU \u2013 Comau Spa, IFAT \u2013 Infineon Technologies Austria AG, UAB KITRON, HYB \u2013 Kriziu Tyrimo Centras, FHJ \u2013 FH Joanneum Gesellschaft mbH, KTU \u2013 Kauno Technologijos Universitetas, WAR \u2013 The University of Warwick<\/li>\n<li><strong>Led by:<\/strong> TNO \u2013 Nederlandse Organisatie voor toegepast natuurwetenschappelijk onderzoek<\/li>\n<li><strong>Expertise in Future Skills and Triple Transition<\/strong><\/li>\n<li>The Platform Industrie 4.0 is responsible for dissemination and creating a guide for companies on their way to Industry 5.0<br \/>\n<a href=\"https:\/\/bridges5-0.eu\/\">Visit the Bridges 5.0 homepage here<\/a>.<\/li>\n<\/ul>\n<p>[\/vc_column_text][\/vc_column][vc_column width=&#8221;1\/3&#8243;][vc_row_inner el_class=&#8221;sidebar-widget&#8221;][vc_column_inner el_class=&#8221;bg-lightblue widget-header&#8221;][vc_column_text]<\/p>\n<h2>KOMMENDE<br \/>\nVERANSTALTUNGEN<\/h2>\n<p>[\/vc_column_text][\/vc_column_inner][vc_column_inner el_class=&#8221;bg-lightblue&#8221;]<div id=\"wps-simple-calendar-grid\"><div class=\"event\"><div class=\"date\">07.04.2026<\/div><div class=\"details\"><div class=\"title\"><a href=\"https:\/\/plattformindustrie40.at\/en\/blog\/event\/digitaler-produktpass-check-in-13-2\/\">Digitaler Produktpass \u2013 Check-In #14<\/a><\/div><\/div><\/div><div class=\"event\"><div class=\"date\">09.04.2026<\/div><div class=\"details\"><div class=\"title\"><a href=\"https:\/\/plattformindustrie40.at\/en\/blog\/event\/technology-insight-opc-ua-field-exchange-uafx-und-der-cyber-resilience-act-cra\/\">Technology Insight: OPC UA Field eXchange (UAFX) und der Cyber Resilience Act (CRA)<\/a><\/div><\/div><\/div><div class=\"event\"><div class=\"date\">10.04.2026<\/div><div class=\"details\"><div class=\"title\"><a href=\"https:\/\/plattformindustrie40.at\/en\/blog\/event\/datenaustausch-in-der-produktion-neuigkeiten-und-entwicklungen-check-in\/\">Datenaustausch in der Produktion: Neuigkeiten und Entwicklungen (Check-In)<\/a><\/div><\/div><\/div><\/div>[\/vc_column_inner][\/vc_row_inner][vc_row_inner el_class=&#8221;sidebar-widget&#8221;][vc_column_inner el_class=&#8221;bg-lightblue widget-header&#8221;][vc_column_text css=&#8221;&#8221;]<\/p>\n<h2>WEITERF\u00dcHRENDE<br \/>\nLINKS<\/h2>\n<p>[\/vc_column_text][\/vc_column_inner][vc_column_inner el_class=&#8221;bg-lightblue weiterfuehrende-projekte-widget-col&#8221;]    <div class=\"weiterfuehrende-projekte-widget\">\n        <div class=\"title\">\n                            <h3><a href=\"https:\/\/bridges5-0.eu\/\">Bridges 5.0<\/a><\/h3>\n                    <\/div>\n        <div class=\"ftd-img\">\n                            <a href=\"https:\/\/bridges5-0.eu\/\"><img decoding=\"async\" src=\"https:\/\/plattformindustrie40.at\/wp-content\/uploads\/2024\/06\/Logo-bunt.png\" alt=\"Bridges 5.0\"><\/a>\n                    <\/div>\n    <\/div>\n    [\/vc_column_inner][\/vc_row_inner][vc_row_inner el_class=&#8221;sidebar-widget&#8221;][vc_column_inner el_class=&#8221;bg-lightblue widget-header&#8221;][vc_column_text css=&#8221;&#8221;]<\/p>\n<h2>PRESSE<\/h2>\n<p>[\/vc_column_text][\/vc_column_inner][vc_column_inner el_class=&#8221;bg-lightblue widget-publikation-col&#8221;][vc_column_text css=&#8221;&#8221;][\/vc_column_text][vc_column_text css=&#8221;&#8221;]<a href=\"https:\/\/www.ots.at\/presseaussendung\/OTS_20240228_OTS0051\/mensch-maschine-interaktion-50-plattform-industrie-40-oesterreich-diskutierte-ueber-das-konzept-50-und-praesentierte-use-cases\">Mensch-Maschine-Interaktion 5.0: Plattform Industrie 4.0 \u00d6sterreich diskutierte \u00fcber das Konzept 5.0 und pr\u00e4sentierte Use Cases<\/a>[\/vc_column_text][vc_column_text css=&#8221;&#8221;][\/vc_column_text][\/vc_column_inner][\/vc_row_inner][vc_row_inner el_class=&#8221;sidebar-widget&#8221;][vc_column_inner el_class=&#8221;bg-lightblue widget-header&#8221;][vc_column_text css=&#8221;&#8221;]<\/p>\n<h2>Kontakt<\/h2>\n<p>[\/vc_column_text][\/vc_column_inner][vc_column_inner el_class=&#8221;bg-lightblue widget-publikation-col&#8221;][vc_column_text css=&#8221;&#8221;]E-Mails:[\/vc_column_text][vc_column_text css=&#8221;&#8221;]Telefon:[\/vc_column_text][\/vc_column_inner][\/vc_row_inner][\/vc_column][\/vc_row][vc_row full_width=&#8221;stretch_row&#8221; css=&#8221;.vc_custom_1716817624967{margin-top: 30px !important;background-color: #e8f2f7 !important;}&#8221; el_class=&#8221;news-grid&#8221;][vc_column][vc_column_text]<\/p>\n<h2>AKTUELLES ZUM THEMENSCHWERPUNKT<\/h2>\n<p>[\/vc_column_text][vc_basic_grid post_type=&#8221;post&#8221; max_items=&#8221;6&#8243; item=&#8221;24794&#8243; css=&#8221;&#8221; grid_id=&#8221;vc_gid:1746015475587-ee29a242-3225-10&#8243; taxonomies=&#8221;244&#8243;][vc_btn title=&#8221;ALLE BEITR\u00c4GE&#8221; style=&#8221;flat&#8221; shape=&#8221;square&#8221; align=&#8221;center&#8221; css=&#8221;&#8221; el_class=&#8221;my-button&#8221; link=&#8221;url:https%3A%2F%2Fplattformindustrie40.at%2Falle-beitraege%2F&#8221;][vc_empty_space height=&#8221;60px&#8221;][\/vc_column][\/vc_row]<\/p>\n<\/div>","protected":false},"excerpt":{"rendered":"<p>[vc_row css=&#8221;.vc_custom_1719411693825{background-image: url(https:\/\/plattformindustrie40.at\/wp-content\/uploads\/2024\/06\/Logo-bunt.png?id=25198) !important;}&#8221;][vc_column el_class=&#8221;my-header&#8221; css=&#8221;.vc_custom_1719476534203{background-image: url(https:\/\/plattformindustrie40.at\/wp-content\/uploads\/2024\/06\/bridges-5-0-4-1.jpg?id=24850) !important;}&#8221;][\/vc_column][\/vc_row][vc_row el_class=&#8221;sidebar-section&#8221;][vc_column width=&#8221;2\/3&#8243;][vc_column_text css=&#8221;&#8221;] Bridges 5.0 [\/vc_column_text][vc_column_text css=&#8221;&#8221;] Identifying Future Skills for Industry [&#8230;]<\/p>\n<p><a class=\"btn btn-secondary understrap-read-more-link\" href=\"https:\/\/plattformindustrie40.at\/en\/bridges-5-0\/\">Read More&#8230;<span class=\"screen-reader-text\"> from Bridges 5.0<\/span><\/a><\/p>\n","protected":false},"author":24,"featured_media":0,"parent":0,"menu_order":0,"comment_status":"closed","ping_status":"closed","template":"tmp-page-no-title.php","meta":{"_acf_changed":false,"footnotes":""},"class_list":["post-27388","page","type-page","status-publish","hentry"],"acf":[],"yoast_head":"<!-- This site is optimized with the Yoast SEO plugin v27.3 - https:\/\/yoast.com\/product\/yoast-seo-wordpress\/ -->\n<title>Bridges 5.0 - Plattform Industrie 4.0<\/title>\n<meta name=\"robots\" content=\"index, follow, max-snippet:-1, max-image-preview:large, max-video-preview:-1\" \/>\n<link rel=\"canonical\" href=\"https:\/\/plattformindustrie40.at\/en\/bridges-5-0\/\" \/>\n<meta property=\"og:locale\" content=\"en_US\" \/>\n<meta property=\"og:type\" content=\"article\" \/>\n<meta property=\"og:title\" content=\"Bridges 5.0 - Plattform Industrie 4.0\" \/>\n<meta property=\"og:description\" content=\"[vc_row css=&#8221;.vc_custom_1719411693825{background-image: url(https:\/\/plattformindustrie40.at\/wp-content\/uploads\/2024\/06\/Logo-bunt.png?id=25198) !important;}&#8221;][vc_column el_class=&#8221;my-header&#8221; css=&#8221;.vc_custom_1719476534203{background-image: url(https:\/\/plattformindustrie40.at\/wp-content\/uploads\/2024\/06\/bridges-5-0-4-1.jpg?id=24850) !important;}&#8221;][\/vc_column][\/vc_row][vc_row el_class=&#8221;sidebar-section&#8221;][vc_column width=&#8221;2\/3&#8243;][vc_column_text css=&#8221;&#8221;] Bridges 5.0 [\/vc_column_text][vc_column_text css=&#8221;&#8221;] Identifying Future Skills for Industry [...]Read More... from Bridges 5.0\" \/>\n<meta property=\"og:url\" content=\"https:\/\/plattformindustrie40.at\/en\/bridges-5-0\/\" \/>\n<meta property=\"og:site_name\" content=\"Plattform Industrie 4.0\" \/>\n<meta property=\"article:modified_time\" content=\"2025-04-30T12:19:05+00:00\" \/>\n<meta name=\"twitter:card\" content=\"summary_large_image\" \/>\n<meta name=\"twitter:label1\" content=\"Est. reading time\" \/>\n\t<meta name=\"twitter:data1\" content=\"3 minutes\" \/>\n<script type=\"application\/ld+json\" class=\"yoast-schema-graph\">{\"@context\":\"https:\\\/\\\/schema.org\",\"@graph\":[{\"@type\":\"WebPage\",\"@id\":\"https:\\\/\\\/plattformindustrie40.at\\\/en\\\/bridges-5-0\\\/\",\"url\":\"https:\\\/\\\/plattformindustrie40.at\\\/en\\\/bridges-5-0\\\/\",\"name\":\"Bridges 5.0 - Plattform Industrie 4.0\",\"isPartOf\":{\"@id\":\"https:\\\/\\\/plattformindustrie40.at\\\/#website\"},\"datePublished\":\"2025-04-09T22:07:12+00:00\",\"dateModified\":\"2025-04-30T12:19:05+00:00\",\"breadcrumb\":{\"@id\":\"https:\\\/\\\/plattformindustrie40.at\\\/en\\\/bridges-5-0\\\/#breadcrumb\"},\"inLanguage\":\"en-US\",\"potentialAction\":[{\"@type\":\"ReadAction\",\"target\":[\"https:\\\/\\\/plattformindustrie40.at\\\/en\\\/bridges-5-0\\\/\"]}]},{\"@type\":\"BreadcrumbList\",\"@id\":\"https:\\\/\\\/plattformindustrie40.at\\\/en\\\/bridges-5-0\\\/#breadcrumb\",\"itemListElement\":[{\"@type\":\"ListItem\",\"position\":1,\"name\":\"Startseite\",\"item\":\"https:\\\/\\\/plattformindustrie40.at\\\/en\\\/\"},{\"@type\":\"ListItem\",\"position\":2,\"name\":\"Bridges 5.0\"}]},{\"@type\":\"WebSite\",\"@id\":\"https:\\\/\\\/plattformindustrie40.at\\\/#website\",\"url\":\"https:\\\/\\\/plattformindustrie40.at\\\/\",\"name\":\"Plattform Industrie 4.0\",\"description\":\"Online-Auftritt der Plattform Industrie 4.0\",\"publisher\":{\"@id\":\"https:\\\/\\\/plattformindustrie40.at\\\/#organization\"},\"potentialAction\":[{\"@type\":\"SearchAction\",\"target\":{\"@type\":\"EntryPoint\",\"urlTemplate\":\"https:\\\/\\\/plattformindustrie40.at\\\/?s={search_term_string}\"},\"query-input\":{\"@type\":\"PropertyValueSpecification\",\"valueRequired\":true,\"valueName\":\"search_term_string\"}}],\"inLanguage\":\"en-US\"},{\"@type\":\"Organization\",\"@id\":\"https:\\\/\\\/plattformindustrie40.at\\\/#organization\",\"name\":\"Plattform Industrie 4.0\",\"url\":\"https:\\\/\\\/plattformindustrie40.at\\\/\",\"logo\":{\"@type\":\"ImageObject\",\"inLanguage\":\"en-US\",\"@id\":\"https:\\\/\\\/plattformindustrie40.at\\\/#\\\/schema\\\/logo\\\/image\\\/\",\"url\":\"https:\\\/\\\/plattformindustrie40.at\\\/wp-content\\\/uploads\\\/2025\\\/04\\\/Ind40_10J_Logo-1.svg\",\"contentUrl\":\"https:\\\/\\\/plattformindustrie40.at\\\/wp-content\\\/uploads\\\/2025\\\/04\\\/Ind40_10J_Logo-1.svg\",\"caption\":\"Plattform Industrie 4.0\"},\"image\":{\"@id\":\"https:\\\/\\\/plattformindustrie40.at\\\/#\\\/schema\\\/logo\\\/image\\\/\"}}]}<\/script>\n<!-- \/ Yoast SEO plugin. -->","yoast_head_json":{"title":"Bridges 5.0 - Plattform Industrie 4.0","robots":{"index":"index","follow":"follow","max-snippet":"max-snippet:-1","max-image-preview":"max-image-preview:large","max-video-preview":"max-video-preview:-1"},"canonical":"https:\/\/plattformindustrie40.at\/en\/bridges-5-0\/","og_locale":"en_US","og_type":"article","og_title":"Bridges 5.0 - Plattform Industrie 4.0","og_description":"[vc_row css=&#8221;.vc_custom_1719411693825{background-image: url(https:\/\/plattformindustrie40.at\/wp-content\/uploads\/2024\/06\/Logo-bunt.png?id=25198) !important;}&#8221;][vc_column el_class=&#8221;my-header&#8221; css=&#8221;.vc_custom_1719476534203{background-image: url(https:\/\/plattformindustrie40.at\/wp-content\/uploads\/2024\/06\/bridges-5-0-4-1.jpg?id=24850) !important;}&#8221;][\/vc_column][\/vc_row][vc_row el_class=&#8221;sidebar-section&#8221;][vc_column width=&#8221;2\/3&#8243;][vc_column_text css=&#8221;&#8221;] Bridges 5.0 [\/vc_column_text][vc_column_text css=&#8221;&#8221;] Identifying Future Skills for Industry [...]Read More... from Bridges 5.0","og_url":"https:\/\/plattformindustrie40.at\/en\/bridges-5-0\/","og_site_name":"Plattform Industrie 4.0","article_modified_time":"2025-04-30T12:19:05+00:00","twitter_card":"summary_large_image","twitter_misc":{"Est. reading time":"3 minutes"},"schema":{"@context":"https:\/\/schema.org","@graph":[{"@type":"WebPage","@id":"https:\/\/plattformindustrie40.at\/en\/bridges-5-0\/","url":"https:\/\/plattformindustrie40.at\/en\/bridges-5-0\/","name":"Bridges 5.0 - Plattform Industrie 4.0","isPartOf":{"@id":"https:\/\/plattformindustrie40.at\/#website"},"datePublished":"2025-04-09T22:07:12+00:00","dateModified":"2025-04-30T12:19:05+00:00","breadcrumb":{"@id":"https:\/\/plattformindustrie40.at\/en\/bridges-5-0\/#breadcrumb"},"inLanguage":"en-US","potentialAction":[{"@type":"ReadAction","target":["https:\/\/plattformindustrie40.at\/en\/bridges-5-0\/"]}]},{"@type":"BreadcrumbList","@id":"https:\/\/plattformindustrie40.at\/en\/bridges-5-0\/#breadcrumb","itemListElement":[{"@type":"ListItem","position":1,"name":"Startseite","item":"https:\/\/plattformindustrie40.at\/en\/"},{"@type":"ListItem","position":2,"name":"Bridges 5.0"}]},{"@type":"WebSite","@id":"https:\/\/plattformindustrie40.at\/#website","url":"https:\/\/plattformindustrie40.at\/","name":"Plattform Industrie 4.0","description":"Online-Auftritt der Plattform Industrie 4.0","publisher":{"@id":"https:\/\/plattformindustrie40.at\/#organization"},"potentialAction":[{"@type":"SearchAction","target":{"@type":"EntryPoint","urlTemplate":"https:\/\/plattformindustrie40.at\/?s={search_term_string}"},"query-input":{"@type":"PropertyValueSpecification","valueRequired":true,"valueName":"search_term_string"}}],"inLanguage":"en-US"},{"@type":"Organization","@id":"https:\/\/plattformindustrie40.at\/#organization","name":"Plattform Industrie 4.0","url":"https:\/\/plattformindustrie40.at\/","logo":{"@type":"ImageObject","inLanguage":"en-US","@id":"https:\/\/plattformindustrie40.at\/#\/schema\/logo\/image\/","url":"https:\/\/plattformindustrie40.at\/wp-content\/uploads\/2025\/04\/Ind40_10J_Logo-1.svg","contentUrl":"https:\/\/plattformindustrie40.at\/wp-content\/uploads\/2025\/04\/Ind40_10J_Logo-1.svg","caption":"Plattform Industrie 4.0"},"image":{"@id":"https:\/\/plattformindustrie40.at\/#\/schema\/logo\/image\/"}}]}},"_links":{"self":[{"href":"https:\/\/plattformindustrie40.at\/en\/wp-json\/wp\/v2\/pages\/27388","targetHints":{"allow":["GET"]}}],"collection":[{"href":"https:\/\/plattformindustrie40.at\/en\/wp-json\/wp\/v2\/pages"}],"about":[{"href":"https:\/\/plattformindustrie40.at\/en\/wp-json\/wp\/v2\/types\/page"}],"author":[{"embeddable":true,"href":"https:\/\/plattformindustrie40.at\/en\/wp-json\/wp\/v2\/users\/24"}],"replies":[{"embeddable":true,"href":"https:\/\/plattformindustrie40.at\/en\/wp-json\/wp\/v2\/comments?post=27388"}],"version-history":[{"count":15,"href":"https:\/\/plattformindustrie40.at\/en\/wp-json\/wp\/v2\/pages\/27388\/revisions"}],"predecessor-version":[{"id":27542,"href":"https:\/\/plattformindustrie40.at\/en\/wp-json\/wp\/v2\/pages\/27388\/revisions\/27542"}],"wp:attachment":[{"href":"https:\/\/plattformindustrie40.at\/en\/wp-json\/wp\/v2\/media?parent=27388"}],"curies":[{"name":"wp","href":"https:\/\/api.w.org\/{rel}","templated":true}]}}