{"id":27248,"date":"2024-07-02T10:53:46","date_gmt":"2024-07-02T10:53:46","guid":{"rendered":"https:\/\/plattformindustrie40.at\/?page_id=27248"},"modified":"2025-04-16T10:55:17","modified_gmt":"2025-04-16T10:55:17","slug":"cirpass-2","status":"publish","type":"page","link":"https:\/\/plattformindustrie40.at\/en\/cirpass-2\/","title":{"rendered":"CIRPASS-2"},"content":{"rendered":"<div class=\"wpb-content-wrapper\"><p>[vc_row css=&#8221;.vc_custom_1719586526187{background-image: url(https:\/\/plattformindustrie40.at\/wp-content\/uploads\/2024\/06\/Consortium-photo-scaled-e1719586480266.jpeg?id=25004) !important;}&#8221;][vc_column el_class=&#8221;my-header&#8221;][vc_empty_space height=&#8221;60px&#8221;][\/vc_column][\/vc_row][vc_row el_class=&#8221;sidebar-section&#8221;][vc_column width=&#8221;2\/3&#8243;][vc_column_text css=&#8221;&#8221;]<\/p>\n<h1>CIRPASS-2<\/h1>\n<p>[\/vc_column_text][vc_column_text css=&#8221;&#8221;]<\/p>\n<p class=\"\" data-start=\"0\" data-end=\"84\"><strong>CIRPASS-2 is the European DIGITAL flagship project for the Digital Product Passport.<\/strong><\/p>\n<p class=\"\" data-start=\"86\" data-end=\"725\">Through circular pilot projects and practical use cases in the value chains of textiles, electronics, tyres, and construction, CIRPASS-2 will showcase effective digital product passports in real-world settings. Launched in May 2024, the project brings together 49 partners and will run for three years. Plattform Industrie 4.0 contributes to CIRPASS-2 by developing the exploitation strategy, analysing challenges and opportunities for downstream DPP applications, and creating training and informational materials tailored to SMEs. <a class=\"\" href=\"https:\/\/cirpass.eu\/\" target=\"_new\" rel=\"noopener\" data-start=\"660\" data-end=\"725\" data-is-last-node=\"\">Here you can find the CIRPASS-2 homepage.<\/a><\/p>\n<p>[\/vc_column_text][\/vc_column][vc_column width=&#8221;1\/3&#8243;][vc_row_inner el_class=&#8221;sidebar-widget&#8221;][vc_column_inner el_class=&#8221;bg-lightblue widget-header&#8221;][vc_column_text]<\/p>\n<h2>KOMMENDE<br \/>\nVERANSTALTUNGEN<\/h2>\n<p>[\/vc_column_text][\/vc_column_inner][vc_column_inner el_class=&#8221;bg-lightblue&#8221;]<div id=\"wps-simple-calendar-grid\"><div class=\"event\"><div class=\"date\">07.04.2026<\/div><div class=\"details\"><div class=\"title\"><a href=\"https:\/\/plattformindustrie40.at\/en\/blog\/event\/digitaler-produktpass-check-in-13-2\/\">Digitaler Produktpass \u2013 Check-In #14<\/a><\/div><\/div><\/div><div class=\"event\"><div class=\"date\">09.04.2026<\/div><div class=\"details\"><div class=\"title\"><a href=\"https:\/\/plattformindustrie40.at\/en\/blog\/event\/technology-insight-opc-ua-field-exchange-uafx-und-der-cyber-resilience-act-cra\/\">Technology Insight: OPC UA Field eXchange (UAFX) und der Cyber Resilience Act (CRA)<\/a><\/div><\/div><\/div><div class=\"event\"><div class=\"date\">10.04.2026<\/div><div class=\"details\"><div class=\"title\"><a href=\"https:\/\/plattformindustrie40.at\/en\/blog\/event\/datenaustausch-in-der-produktion-neuigkeiten-und-entwicklungen-check-in\/\">Datenaustausch in der Produktion: Neuigkeiten und Entwicklungen (Check-In)<\/a><\/div><\/div><\/div><\/div>[\/vc_column_inner][\/vc_row_inner][vc_row_inner el_class=&#8221;sidebar-widget&#8221;][vc_column_inner el_class=&#8221;bg-lightblue widget-header&#8221;][vc_column_text]<\/p>\n<h2>WEITERF\u00dcHRENDE<br \/>\nPROJEKTE<\/h2>\n<p>[\/vc_column_text][\/vc_column_inner][vc_column_inner el_class=&#8221;bg-lightblue weiterfuehrende-projekte-widget-col&#8221;]    <div class=\"weiterfuehrende-projekte-widget\">\n        <div class=\"title\">\n                            <h3><a href=\"https:\/\/plattformindustrie40.at\/digitaler-produktpass-2\/\">Digitaler Produktpass<\/a><\/h3>\n                    <\/div>\n        <div class=\"ftd-img\">\n                            <a href=\"https:\/\/plattformindustrie40.at\/digitaler-produktpass-2\/\"><img decoding=\"async\" src=\"https:\/\/plattformindustrie40.at\/wp-content\/uploads\/2024\/06\/AdobeStock_478375610-1024x540-1.jpeg\" alt=\"Digitaler Produktpass\"><\/a>\n                    <\/div>\n    <\/div>\n        <div class=\"weiterfuehrende-projekte-widget\">\n        <div class=\"title\">\n                            <h3><a href=\"https:\/\/cirpass2.eu\/\">CIRPASS-2 Homepage<\/a><\/h3>\n                    <\/div>\n        <div class=\"ftd-img\">\n                            <a href=\"https:\/\/cirpass2.eu\/\"><img decoding=\"async\" src=\"https:\/\/plattformindustrie40.at\/wp-content\/uploads\/2024\/06\/Screenshot-2024-06-21-122938.png\" alt=\"CIRPASS-2 Homepage\"><\/a>\n                    <\/div>\n    <\/div>\n    [\/vc_column_inner][\/vc_row_inner][vc_row_inner el_class=&#8221;sidebar-widget&#8221;][vc_column_inner el_class=&#8221;bg-lightblue widget-header&#8221;][vc_column_text]<\/p>\n<h2>PUBLIKATIONEN<\/h2>\n<p>[\/vc_column_text][\/vc_column_inner][vc_column_inner el_class=&#8221;bg-lightblue widget-publikation-col&#8221;][vc_column_text css=&#8221;&#8221;]<a href=\"https:\/\/plattformindustrie40.at\/wp-content\/uploads\/2024\/05\/Digitaler-Produktpass-Fact-Sheet-1.pdf\">Digitaler Produktpass \u2013 Fact Sheet<\/a>[\/vc_column_text][vc_column_text css=&#8221;&#8221;]<a href=\"https:\/\/plattformindustrie40.at\/wp-content\/uploads\/2023\/12\/DigitalerProduktpass_Status-Quo.pdf\">Digitaler Produktpass \u2013 Status Quo<\/a>[\/vc_column_text][vc_column_text css=&#8221;&#8221;]<a href=\"https:\/\/plattformindustrie40.at\/wp-content\/uploads\/2024\/03\/Auf-dem-Weg-zu-Kreislaufwirtschaft-Plattform-Industrie-4.0.pdf\">Ergebnispapier \u201eAuf dem Weg zur Kreislaufwirtschaft \u2013 Key-Enabler und politische Impulse f\u00fcr eine zukunftsf\u00e4hige Produktion und Wertsch\u00f6pfung in \u00d6sterreich\u201c<\/a>[\/vc_column_text][\/vc_column_inner][\/vc_row_inner][vc_row_inner el_class=&#8221;sidebar-widget&#8221;][vc_column_inner el_class=&#8221;bg-lightblue widget-header&#8221;][vc_column_text css=&#8221;&#8221;]<\/p>\n<h2>Kontakt<\/h2>\n<p>[\/vc_column_text][\/vc_column_inner][vc_column_inner el_class=&#8221;bg-lightblue widget-publikation-col&#8221;][vc_column_text css=&#8221;&#8221;]E-Mail: verena.halmschlager@plattformindustrie40.at[\/vc_column_text][\/vc_column_inner][\/vc_row_inner][\/vc_column][\/vc_row][vc_row full_width=&#8221;stretch_row&#8221; css=&#8221;.vc_custom_1716817624967{margin-top: 30px !important;background-color: #e8f2f7 !important;}&#8221; el_class=&#8221;news-grid&#8221;][vc_column][vc_column_text]<\/p>\n<h2>AKTUELLES ZUM THEMENSCHWERPUNKT<\/h2>\n<p>[\/vc_column_text][vc_basic_grid post_type=&#8221;post&#8221; max_items=&#8221;6&#8243; item=&#8221;24794&#8243; css=&#8221;&#8221; grid_id=&#8221;vc_gid:1744800705367-76ff467f-5824-8&#8243; taxonomies=&#8221;253&#8243;][vc_btn title=&#8221;ALLE BEITR\u00c4GE&#8221; style=&#8221;flat&#8221; shape=&#8221;square&#8221; align=&#8221;center&#8221; css=&#8221;&#8221; el_class=&#8221;my-button&#8221; link=&#8221;url:https%3A%2F%2Fplattformindustrie40.at%2Falle-beitraege%2F&#8221;][vc_empty_space height=&#8221;60px&#8221;][\/vc_column][\/vc_row]<\/p>\n<\/div>","protected":false},"excerpt":{"rendered":"<p>[vc_row css=&#8221;.vc_custom_1719586526187{background-image: url(https:\/\/plattformindustrie40.at\/wp-content\/uploads\/2024\/06\/Consortium-photo-scaled-e1719586480266.jpeg?id=25004) !important;}&#8221;][vc_column el_class=&#8221;my-header&#8221;][vc_empty_space height=&#8221;60px&#8221;][\/vc_column][\/vc_row][vc_row el_class=&#8221;sidebar-section&#8221;][vc_column width=&#8221;2\/3&#8243;][vc_column_text css=&#8221;&#8221;] CIRPASS-2 [\/vc_column_text][vc_column_text css=&#8221;&#8221;] CIRPASS-2 is the European DIGITAL flagship project for [&#8230;]<\/p>\n<p><a class=\"btn btn-secondary understrap-read-more-link\" href=\"https:\/\/plattformindustrie40.at\/en\/cirpass-2\/\">Read More&#8230;<span class=\"screen-reader-text\"> from CIRPASS-2<\/span><\/a><\/p>\n","protected":false},"author":22,"featured_media":0,"parent":0,"menu_order":0,"comment_status":"closed","ping_status":"closed","template":"tmp-page-no-title.php","meta":{"_acf_changed":false,"footnotes":""},"class_list":["post-27248","page","type-page","status-publish","hentry"],"acf":[],"yoast_head":"<!-- This site is optimized with the Yoast SEO plugin v27.3 - https:\/\/yoast.com\/product\/yoast-seo-wordpress\/ -->\n<title>CIRPASS-2 - Plattform Industrie 4.0<\/title>\n<meta name=\"robots\" content=\"index, follow, max-snippet:-1, max-image-preview:large, max-video-preview:-1\" \/>\n<link rel=\"canonical\" href=\"https:\/\/plattformindustrie40.at\/en\/cirpass-2\/\" \/>\n<meta property=\"og:locale\" content=\"en_US\" \/>\n<meta property=\"og:type\" content=\"article\" \/>\n<meta property=\"og:title\" content=\"CIRPASS-2 - Plattform Industrie 4.0\" \/>\n<meta property=\"og:description\" content=\"[vc_row css=&#8221;.vc_custom_1719586526187{background-image: url(https:\/\/plattformindustrie40.at\/wp-content\/uploads\/2024\/06\/Consortium-photo-scaled-e1719586480266.jpeg?id=25004) !important;}&#8221;][vc_column el_class=&#8221;my-header&#8221;][vc_empty_space height=&#8221;60px&#8221;][\/vc_column][\/vc_row][vc_row el_class=&#8221;sidebar-section&#8221;][vc_column width=&#8221;2\/3&#8243;][vc_column_text css=&#8221;&#8221;] CIRPASS-2 [\/vc_column_text][vc_column_text css=&#8221;&#8221;] CIRPASS-2 is the European DIGITAL flagship project for [...]Read More... from CIRPASS-2\" \/>\n<meta property=\"og:url\" content=\"https:\/\/plattformindustrie40.at\/en\/cirpass-2\/\" \/>\n<meta property=\"og:site_name\" content=\"Plattform Industrie 4.0\" \/>\n<meta property=\"article:modified_time\" content=\"2025-04-16T10:55:17+00:00\" \/>\n<meta name=\"twitter:card\" content=\"summary_large_image\" \/>\n<meta name=\"twitter:label1\" content=\"Est. reading time\" \/>\n\t<meta name=\"twitter:data1\" content=\"2 minutes\" \/>\n<script type=\"application\/ld+json\" class=\"yoast-schema-graph\">{\"@context\":\"https:\\\/\\\/schema.org\",\"@graph\":[{\"@type\":\"WebPage\",\"@id\":\"https:\\\/\\\/plattformindustrie40.at\\\/en\\\/cirpass-2\\\/\",\"url\":\"https:\\\/\\\/plattformindustrie40.at\\\/en\\\/cirpass-2\\\/\",\"name\":\"CIRPASS-2 - Plattform Industrie 4.0\",\"isPartOf\":{\"@id\":\"https:\\\/\\\/plattformindustrie40.at\\\/#website\"},\"datePublished\":\"2024-07-02T10:53:46+00:00\",\"dateModified\":\"2025-04-16T10:55:17+00:00\",\"breadcrumb\":{\"@id\":\"https:\\\/\\\/plattformindustrie40.at\\\/en\\\/cirpass-2\\\/#breadcrumb\"},\"inLanguage\":\"en-US\",\"potentialAction\":[{\"@type\":\"ReadAction\",\"target\":[\"https:\\\/\\\/plattformindustrie40.at\\\/en\\\/cirpass-2\\\/\"]}]},{\"@type\":\"BreadcrumbList\",\"@id\":\"https:\\\/\\\/plattformindustrie40.at\\\/en\\\/cirpass-2\\\/#breadcrumb\",\"itemListElement\":[{\"@type\":\"ListItem\",\"position\":1,\"name\":\"Startseite\",\"item\":\"https:\\\/\\\/plattformindustrie40.at\\\/en\\\/\"},{\"@type\":\"ListItem\",\"position\":2,\"name\":\"CIRPASS-2\"}]},{\"@type\":\"WebSite\",\"@id\":\"https:\\\/\\\/plattformindustrie40.at\\\/#website\",\"url\":\"https:\\\/\\\/plattformindustrie40.at\\\/\",\"name\":\"Plattform Industrie 4.0\",\"description\":\"Online-Auftritt der Plattform Industrie 4.0\",\"publisher\":{\"@id\":\"https:\\\/\\\/plattformindustrie40.at\\\/#organization\"},\"potentialAction\":[{\"@type\":\"SearchAction\",\"target\":{\"@type\":\"EntryPoint\",\"urlTemplate\":\"https:\\\/\\\/plattformindustrie40.at\\\/?s={search_term_string}\"},\"query-input\":{\"@type\":\"PropertyValueSpecification\",\"valueRequired\":true,\"valueName\":\"search_term_string\"}}],\"inLanguage\":\"en-US\"},{\"@type\":\"Organization\",\"@id\":\"https:\\\/\\\/plattformindustrie40.at\\\/#organization\",\"name\":\"Plattform Industrie 4.0\",\"url\":\"https:\\\/\\\/plattformindustrie40.at\\\/\",\"logo\":{\"@type\":\"ImageObject\",\"inLanguage\":\"en-US\",\"@id\":\"https:\\\/\\\/plattformindustrie40.at\\\/#\\\/schema\\\/logo\\\/image\\\/\",\"url\":\"https:\\\/\\\/plattformindustrie40.at\\\/wp-content\\\/uploads\\\/2025\\\/04\\\/Ind40_10J_Logo-1.svg\",\"contentUrl\":\"https:\\\/\\\/plattformindustrie40.at\\\/wp-content\\\/uploads\\\/2025\\\/04\\\/Ind40_10J_Logo-1.svg\",\"caption\":\"Plattform Industrie 4.0\"},\"image\":{\"@id\":\"https:\\\/\\\/plattformindustrie40.at\\\/#\\\/schema\\\/logo\\\/image\\\/\"}}]}<\/script>\n<!-- \/ Yoast SEO plugin. -->","yoast_head_json":{"title":"CIRPASS-2 - Plattform Industrie 4.0","robots":{"index":"index","follow":"follow","max-snippet":"max-snippet:-1","max-image-preview":"max-image-preview:large","max-video-preview":"max-video-preview:-1"},"canonical":"https:\/\/plattformindustrie40.at\/en\/cirpass-2\/","og_locale":"en_US","og_type":"article","og_title":"CIRPASS-2 - Plattform Industrie 4.0","og_description":"[vc_row css=&#8221;.vc_custom_1719586526187{background-image: url(https:\/\/plattformindustrie40.at\/wp-content\/uploads\/2024\/06\/Consortium-photo-scaled-e1719586480266.jpeg?id=25004) !important;}&#8221;][vc_column el_class=&#8221;my-header&#8221;][vc_empty_space height=&#8221;60px&#8221;][\/vc_column][\/vc_row][vc_row el_class=&#8221;sidebar-section&#8221;][vc_column width=&#8221;2\/3&#8243;][vc_column_text css=&#8221;&#8221;] CIRPASS-2 [\/vc_column_text][vc_column_text css=&#8221;&#8221;] CIRPASS-2 is the European DIGITAL flagship project for [...]Read More... from CIRPASS-2","og_url":"https:\/\/plattformindustrie40.at\/en\/cirpass-2\/","og_site_name":"Plattform Industrie 4.0","article_modified_time":"2025-04-16T10:55:17+00:00","twitter_card":"summary_large_image","twitter_misc":{"Est. reading time":"2 minutes"},"schema":{"@context":"https:\/\/schema.org","@graph":[{"@type":"WebPage","@id":"https:\/\/plattformindustrie40.at\/en\/cirpass-2\/","url":"https:\/\/plattformindustrie40.at\/en\/cirpass-2\/","name":"CIRPASS-2 - Plattform Industrie 4.0","isPartOf":{"@id":"https:\/\/plattformindustrie40.at\/#website"},"datePublished":"2024-07-02T10:53:46+00:00","dateModified":"2025-04-16T10:55:17+00:00","breadcrumb":{"@id":"https:\/\/plattformindustrie40.at\/en\/cirpass-2\/#breadcrumb"},"inLanguage":"en-US","potentialAction":[{"@type":"ReadAction","target":["https:\/\/plattformindustrie40.at\/en\/cirpass-2\/"]}]},{"@type":"BreadcrumbList","@id":"https:\/\/plattformindustrie40.at\/en\/cirpass-2\/#breadcrumb","itemListElement":[{"@type":"ListItem","position":1,"name":"Startseite","item":"https:\/\/plattformindustrie40.at\/en\/"},{"@type":"ListItem","position":2,"name":"CIRPASS-2"}]},{"@type":"WebSite","@id":"https:\/\/plattformindustrie40.at\/#website","url":"https:\/\/plattformindustrie40.at\/","name":"Plattform Industrie 4.0","description":"Online-Auftritt der Plattform Industrie 4.0","publisher":{"@id":"https:\/\/plattformindustrie40.at\/#organization"},"potentialAction":[{"@type":"SearchAction","target":{"@type":"EntryPoint","urlTemplate":"https:\/\/plattformindustrie40.at\/?s={search_term_string}"},"query-input":{"@type":"PropertyValueSpecification","valueRequired":true,"valueName":"search_term_string"}}],"inLanguage":"en-US"},{"@type":"Organization","@id":"https:\/\/plattformindustrie40.at\/#organization","name":"Plattform Industrie 4.0","url":"https:\/\/plattformindustrie40.at\/","logo":{"@type":"ImageObject","inLanguage":"en-US","@id":"https:\/\/plattformindustrie40.at\/#\/schema\/logo\/image\/","url":"https:\/\/plattformindustrie40.at\/wp-content\/uploads\/2025\/04\/Ind40_10J_Logo-1.svg","contentUrl":"https:\/\/plattformindustrie40.at\/wp-content\/uploads\/2025\/04\/Ind40_10J_Logo-1.svg","caption":"Plattform Industrie 4.0"},"image":{"@id":"https:\/\/plattformindustrie40.at\/#\/schema\/logo\/image\/"}}]}},"_links":{"self":[{"href":"https:\/\/plattformindustrie40.at\/en\/wp-json\/wp\/v2\/pages\/27248","targetHints":{"allow":["GET"]}}],"collection":[{"href":"https:\/\/plattformindustrie40.at\/en\/wp-json\/wp\/v2\/pages"}],"about":[{"href":"https:\/\/plattformindustrie40.at\/en\/wp-json\/wp\/v2\/types\/page"}],"author":[{"embeddable":true,"href":"https:\/\/plattformindustrie40.at\/en\/wp-json\/wp\/v2\/users\/22"}],"replies":[{"embeddable":true,"href":"https:\/\/plattformindustrie40.at\/en\/wp-json\/wp\/v2\/comments?post=27248"}],"version-history":[{"count":5,"href":"https:\/\/plattformindustrie40.at\/en\/wp-json\/wp\/v2\/pages\/27248\/revisions"}],"predecessor-version":[{"id":27448,"href":"https:\/\/plattformindustrie40.at\/en\/wp-json\/wp\/v2\/pages\/27248\/revisions\/27448"}],"wp:attachment":[{"href":"https:\/\/plattformindustrie40.at\/en\/wp-json\/wp\/v2\/media?parent=27248"}],"curies":[{"name":"wp","href":"https:\/\/api.w.org\/{rel}","templated":true}]}}