{"id":27218,"date":"2025-02-28T09:38:30","date_gmt":"2025-02-28T09:38:30","guid":{"rendered":"https:\/\/plattformindustrie40.at\/?page_id=27218"},"modified":"2025-06-11T12:13:50","modified_gmt":"2025-06-11T12:13:50","slug":"events","status":"publish","type":"page","link":"https:\/\/plattformindustrie40.at\/en\/events\/","title":{"rendered":"EVENTS"},"content":{"rendered":"<div class=\"wpb-content-wrapper\"><p>[vc_row full_width=&#8221;stretch_row_content_no_spaces&#8221; el_class=&#8221;hero-section&#8221; css=&#8221;.vc_custom_1739375159822{background-image: url(https:\/\/plattformindustrie40.at\/wp-content\/uploads\/2025\/02\/Website_Header_SUMMIT.jpg?id=27024) !important;background-position: center !important;background-repeat: no-repeat !important;background-size: contain !important;}&#8221;][vc_column el_class=&#8221;my-header&#8221;][\/vc_column][\/vc_row][vc_row full_width=&#8221;stretch_row&#8221; el_id=&#8221;calendar&#8221;][vc_column][vc_row_inner][vc_column_inner offset=&#8221;vc_col-lg-8&#8243;][vc_empty_space height=&#8221;64px&#8221;][vc_column_text css=&#8221;&#8221;]<\/p>\n<h2>CALENDAR<\/h2>\n<p>[\/vc_column_text][vc_column_text css=&#8221;&#8221;]<div id=\"wps-new-calendar-navigation\"><button id=\"wps-new-prev-month\"><i class=\"fas fa-chevron-left\"><\/i><\/button><span id=\"wps-new-current-month-year\" class=\"current-month\">April 2026<\/span><button id=\"wps-new-next-month\"><i class=\"fas fa-chevron-right\"><\/i><\/button><\/div><div id=\"wps-new-calendar-grid\" data-month=\"04\" data-year=\"2026\"><div class=\"\"><\/div><div class=\"event\"><div class=\"time\"><div class=\"time-range\">07:30 - 11:00<\/div><div class=\"week-day\">Thursday<\/div><\/div><div class=\"date\"><div class=\"day\">02.<\/div><div class=\"month\">04.<\/div><\/div><div class=\"details\"><div class=\"info\"><div class=\"type\">Beckhoff \u00d6sterreich<\/div><\/div><div class=\"title\"><a href=\"https:\/\/plattformindustrie40.at\/en\/blog\/event\/bbb-beckhoff-business-breakfast-6-2-2\/\">BBB Beckhoff Business Breakfast<\/a><\/div><div class=\"description\">[vc_row][vc_column][vc_column_text]Fr\u00fchst\u00fccksaustausch bei Beckhoff \u00d6sterreich an Standorten in ganz \u00d6sterreich[\/vc_column_text][\/vc_column][\/vc_row] [...]Read More... from EVENTS<\/div><\/div><\/div><div class=\"event own-event\"><div class=\"time\"><div class=\"time-range\">16:00 - 17:00<\/div><div class=\"week-day\">Tuesday<\/div><\/div><div class=\"date\"><div class=\"day\">07.<\/div><div class=\"month\">04.<\/div><\/div><div class=\"details\"><div class=\"info\"><div class=\"type\">Online<\/div><\/div><div class=\"title\"><a href=\"https:\/\/plattformindustrie40.at\/en\/blog\/event\/digitaler-produktpass-check-in-13-2\/\">Digitaler Produktpass \u2013 Check-In #14<\/a><\/div><div class=\"description\">Am 07.04.2026 findet der 14. Check-In zum Digitalen Produktpass statt. In diesen Check-Ins wollen wir aktuelle Informationen rund um den [...]<\/div><\/div><\/div><div class=\"event\"><div class=\"time\"><div class=\"time-range\">16:00 - 18:00<\/div><div class=\"week-day\">Wednesday<\/div><\/div><div class=\"date\"><div class=\"day\">08.<\/div><div class=\"month\">04.<\/div><\/div><div class=\"details\"><div class=\"info\"><div class=\"type\"><\/div><\/div><div class=\"title\"><a href=\"https:\/\/plattformindustrie40.at\/en\/blog\/event\/diversitec-netzwerktreffen\/\">Best-Practices zu Innovation &amp; Diversit\u00e4t &#8211; Diversitec Netzwerktreffen in Linz<\/a><\/div><div class=\"description\">Wie kann Vielfalt zur treibenden Kraft f\u00fcr Innovation, Wettbewerbsf\u00e4higkeit und einen starken Standort werden? Beim ersten Diversitec Netzwerktreffen in Ober\u00f6sterreich [...]<\/div><\/div><\/div><div class=\"event own-event\"><div class=\"time\"><div class=\"time-range\">10:00 - 11:30<\/div><div class=\"week-day\">Thursday<\/div><\/div><div class=\"date\"><div class=\"day\">09.<\/div><div class=\"month\">04.<\/div><\/div><div class=\"details\"><div class=\"info\"><div class=\"type\">Online<\/div><\/div><div class=\"title\"><a href=\"https:\/\/plattformindustrie40.at\/en\/blog\/event\/technology-insight-opc-ua-field-exchange-uafx-und-der-cyber-resilience-act-cra\/\">Technology Insight: OPC UA Field eXchange (UAFX) und der Cyber Resilience Act (CRA)<\/a><\/div><div class=\"description\">[vc_row][vc_column][vc_column_text css=&#8221;&#8221;]OPC UA ist regelm\u00e4\u00dfig Bestandteil moderner industrieller Produktionsanlagen. OPC UA Field eXchange (UAFX) erweitert die bestehenden M\u00f6glichkeiten um Echtzeitf\u00e4higkeit [...]<\/div><\/div><\/div><div class=\"event own-event\"><div class=\"time\"><div class=\"time-range\">10:00 - 12:00<\/div><div class=\"week-day\">Friday<\/div><\/div><div class=\"date\"><div class=\"day\">10.<\/div><div class=\"month\">04.<\/div><\/div><div class=\"details\"><div class=\"info\"><div class=\"type\"><\/div><\/div><div class=\"title\"><a href=\"https:\/\/plattformindustrie40.at\/en\/blog\/event\/datenaustausch-in-der-produktion-neuigkeiten-und-entwicklungen-check-in\/\">Datenaustausch in der Produktion: Neuigkeiten und Entwicklungen (Check-In)<\/a><\/div><div class=\"description\">[vc_row][vc_column][vc_column_text css=&#8221;&#8221;]\u00dcber die &#8220;Domain Manufacturing&#8221; unterst\u00fctzt die Plattform Industrie 4.0 den Datenaustausch in der \u00f6sterreichischen Produktion. In den Check-Ins besprechen [...]<\/div><\/div><\/div><div class=\"event own-event\"><div class=\"time\"><div class=\"time-range\">16:00 - 17:00<\/div><div class=\"week-day\">Monday<\/div><\/div><div class=\"date\"><div class=\"day\">13.<\/div><div class=\"month\">04.<\/div><\/div><div class=\"details\"><div class=\"info\"><div class=\"type\">Online<\/div><\/div><div class=\"title\"><a href=\"https:\/\/plattformindustrie40.at\/en\/blog\/event\/research-insight-forschungsupdates-zu-verteilter-automatisierung-iec-61499\/\">Research Insight: Forschungsupdates zu verteilter Automatisierung (IEC 61499)<\/a><\/div><div class=\"description\">[vc_row][vc_column][vc_column_text css=&#8221;&#8221;]Automatisierung ist ein wesentlicher Bestandteil von Industrie 4.0. Ein wichtiger Standard im Bereich der Steuerungssoftware (OT) ist die IEC [...]<\/div><\/div><\/div><div class=\"event own-event\"><div class=\"time\"><div class=\"time-range\">12:30 - 14:00<\/div><div class=\"week-day\">Friday<\/div><\/div><div class=\"date\"><div class=\"day\">17.<\/div><div class=\"month\">04.<\/div><\/div><div class=\"details\"><div class=\"info\"><div class=\"type\">Online<\/div><\/div><div class=\"title\"><a href=\"https:\/\/plattformindustrie40.at\/en\/blog\/event\/produzierendes-oesterreich-fruehlingsausblick-2026\/\">Produzierendes \u00d6sterreich: Fr\u00fchlingsausblick 2026<\/a><\/div><div class=\"description\">[vc_row][vc_column][vc_column_text css=&#8221;&#8221;] Sowohl die geopolitische Lage als auch der technologische Fortschritt fordern die \u00f6sterreichische Industrie. Die Wettbewerbsf\u00e4higkeit des eigenen Unternehmens [...]<\/div><\/div><\/div><div class=\"event own-event\"><div class=\"time\"><div class=\"time-range\">11:00 - 12:00<\/div><div class=\"week-day\">Thursday<\/div><\/div><div class=\"date\"><div class=\"day\">23.<\/div><div class=\"month\">04.<\/div><\/div><div class=\"details\"><div class=\"info\"><div class=\"type\">Online<\/div><\/div><div class=\"title\"><a href=\"https:\/\/plattformindustrie40.at\/en\/blog\/event\/research-insight-15-chinesischer-fuenfjahresplan-implikationen-fuer-die-europaeische-industrie\/\">Research Insight: 15. chinesischer F\u00fcnfjahresplan, Implikationen f\u00fcr die europ\u00e4ische Industrie<\/a><\/div><div class=\"description\">[vc_row][vc_column][vc_column_text]Im M\u00e4rz 2026 wurde im Rahmen der Two Sessions, der Versammlung des Nationalen Volkskongresses und der Politischen Konsultativkonferenz des chinesischen [...]<\/div><\/div><\/div><div class=\"event\"><div class=\"time\"><div class=\"time-range\">00:00 - 00:00<\/div><div class=\"week-day\">Tuesday<\/div><\/div><div class=\"date\"><div class=\"day\">28.<\/div><div class=\"month\">04.<\/div><\/div><div class=\"details\"><div class=\"info\"><div class=\"type\">die HausWirtschaft<\/div><\/div><div class=\"title\"><a href=\"https:\/\/plattformindustrie40.at\/en\/blog\/event\/art-of-hosting-training-in-wien\/\">Art-of-Hosting Training in Wien<\/a><\/div><div class=\"description\">The Art of Hosting and Harvesting Conversations that Matter (auf Deutsch oft recht sperrig als \u201eDie Kunst des Gastgebens und [...]<\/div><\/div><\/div><div class=\"event own-event\"><div class=\"time\"><div class=\"time-range\">14:00 - 15:30<\/div><div class=\"week-day\">Tuesday<\/div><\/div><div class=\"date\"><div class=\"day\">28.<\/div><div class=\"month\">04.<\/div><\/div><div class=\"details\"><div class=\"info\"><div class=\"type\"><\/div><\/div><div class=\"title\"><a href=\"https:\/\/plattformindustrie40.at\/en\/blog\/event\/6-webinar-ki-use-cases-future-skills\/\">6. Webinar KI-Use Cases &#038; Future Skills<\/a><\/div><div class=\"description\">&nbsp; Die Webinar Reihe \u201eKI-Use Cases &amp; Future Skills\u201c wird im Themenschwerpunkt Arbeit 5.0 und im Rahmen des Interreg AT-SK [...]<\/div><\/div><\/div><\/div>[\/vc_column_text][vc_empty_space][\/vc_column_inner][vc_column_inner offset=&#8221;vc_col-lg-4&#8243;][vc_empty_space height=&#8221;64px&#8221;][vc_column_text css=&#8221;&#8221;]<\/p>\n<h2>PLATFORM DATES<\/h2>\n<p>[\/vc_column_text]<div id=\"wps-simple-calendar-grid\"><div class=\"event\"><div class=\"date\">28.04.2026<\/div><div class=\"details\"><div class=\"title\"><a href=\"https:\/\/plattformindustrie40.at\/en\/blog\/event\/6-webinar-ki-use-cases-future-skills\/\">6. Webinar KI-Use Cases &#038; Future Skills<\/a><\/div><\/div><\/div><div class=\"event\"><div class=\"date\">19.05.2026<\/div><div class=\"details\"><div class=\"title\"><a href=\"https:\/\/plattformindustrie40.at\/en\/blog\/event\/digitaler-produktpass-check-in-15\/\">Digitaler Produktpass \u2013 Check-In #15<\/a><\/div><\/div><\/div><div class=\"event\"><div class=\"date\">30.06.2026<\/div><div class=\"details\"><div class=\"title\"><a href=\"https:\/\/plattformindustrie40.at\/en\/blog\/event\/digitaler-produktpass-check-in-15-2\/\">Digitaler Produktpass \u2013 Check-In #16<\/a><\/div><\/div><\/div><\/div>[\/vc_column_inner][\/vc_row_inner][\/vc_column][\/vc_row][vc_row full_width=&#8221;stretch_row&#8221; css=&#8221;.vc_custom_1719919373313{margin-top: 30px !important;background-color: #e8f2f7 !important;}&#8221; el_class=&#8221;news-grid&#8221; el_id=&#8221;summit&#8221;][vc_column][vc_column_text css=&#8221;&#8221;]<\/p>\n<h2>Summit Industrie 4.0<\/h2>\n<p>[\/vc_column_text][vc_basic_grid post_type=&#8221;post&#8221; max_items=&#8221;-1&#8243; item=&#8221;24794&#8243; css=&#8221;&#8221; grid_id=&#8221;vc_gid:1740735686908-5c99627d-7ea3-1&#8243; taxonomies=&#8221;89&#8243;][vc_btn title=&#8221;ALLE BEITR\u00c4GE&#8221; style=&#8221;flat&#8221; shape=&#8221;square&#8221; align=&#8221;center&#8221; css=&#8221;&#8221; el_class=&#8221;my-button&#8221; link=&#8221;url:https%3A%2F%2Fplattformindustrie40.at%2Falle-beitraege%2F&#8221;][vc_empty_space height=&#8221;60px&#8221;][\/vc_column][\/vc_row]<\/p>\n<\/div>","protected":false},"excerpt":{"rendered":"<p>[vc_row full_width=&#8221;stretch_row_content_no_spaces&#8221; el_class=&#8221;hero-section&#8221; css=&#8221;.vc_custom_1739375159822{background-image: url(https:\/\/plattformindustrie40.at\/wp-content\/uploads\/2025\/02\/Website_Header_SUMMIT.jpg?id=27024) !important;background-position: center !important;background-repeat: no-repeat !important;background-size: contain !important;}&#8221;][vc_column el_class=&#8221;my-header&#8221;][\/vc_column][\/vc_row][vc_row full_width=&#8221;stretch_row&#8221; el_id=&#8221;calendar&#8221;][vc_column][vc_row_inner][vc_column_inner offset=&#8221;vc_col-lg-8&#8243;][vc_empty_space height=&#8221;64px&#8221;][vc_column_text css=&#8221;&#8221;] CALENDAR [\/vc_column_text][vc_column_text [&#8230;]<\/p>\n<p><a class=\"btn btn-secondary understrap-read-more-link\" href=\"https:\/\/plattformindustrie40.at\/en\/events\/\">Read More&#8230;<span class=\"screen-reader-text\"> from EVENTS<\/span><\/a><\/p>\n","protected":false},"author":15,"featured_media":0,"parent":0,"menu_order":0,"comment_status":"closed","ping_status":"closed","template":"tmp-page-no-title.php","meta":{"_acf_changed":false,"footnotes":""},"class_list":["post-27218","page","type-page","status-publish","hentry"],"acf":[],"yoast_head":"<!-- This site is optimized with the Yoast SEO plugin v27.3 - https:\/\/yoast.com\/product\/yoast-seo-wordpress\/ -->\n<title>EVENTS - Plattform Industrie 4.0<\/title>\n<meta name=\"robots\" content=\"index, follow, max-snippet:-1, max-image-preview:large, max-video-preview:-1\" \/>\n<link rel=\"canonical\" href=\"https:\/\/plattformindustrie40.at\/en\/events\/\" \/>\n<meta property=\"og:locale\" content=\"en_US\" \/>\n<meta property=\"og:type\" content=\"article\" \/>\n<meta property=\"og:title\" content=\"EVENTS - Plattform Industrie 4.0\" \/>\n<meta property=\"og:description\" content=\"[vc_row full_width=&#8221;stretch_row_content_no_spaces&#8221; el_class=&#8221;hero-section&#8221; css=&#8221;.vc_custom_1739375159822{background-image: url(https:\/\/plattformindustrie40.at\/wp-content\/uploads\/2025\/02\/Website_Header_SUMMIT.jpg?id=27024) !important;background-position: center !important;background-repeat: no-repeat !important;background-size: contain !important;}&#8221;][vc_column el_class=&#8221;my-header&#8221;][\/vc_column][\/vc_row][vc_row full_width=&#8221;stretch_row&#8221; el_id=&#8221;calendar&#8221;][vc_column][vc_row_inner][vc_column_inner offset=&#8221;vc_col-lg-8&#8243;][vc_empty_space height=&#8221;64px&#8221;][vc_column_text css=&#8221;&#8221;] CALENDAR [\/vc_column_text][vc_column_text [...]Read More... from EVENTS\" \/>\n<meta property=\"og:url\" content=\"https:\/\/plattformindustrie40.at\/en\/events\/\" \/>\n<meta property=\"og:site_name\" content=\"Plattform Industrie 4.0\" \/>\n<meta property=\"article:modified_time\" content=\"2025-06-11T12:13:50+00:00\" \/>\n<meta name=\"twitter:card\" content=\"summary_large_image\" \/>\n<meta name=\"twitter:label1\" content=\"Est. reading time\" \/>\n\t<meta name=\"twitter:data1\" content=\"1 minute\" \/>\n<script type=\"application\/ld+json\" class=\"yoast-schema-graph\">{\"@context\":\"https:\\\/\\\/schema.org\",\"@graph\":[{\"@type\":\"WebPage\",\"@id\":\"https:\\\/\\\/plattformindustrie40.at\\\/en\\\/events\\\/\",\"url\":\"https:\\\/\\\/plattformindustrie40.at\\\/en\\\/events\\\/\",\"name\":\"EVENTS - Plattform Industrie 4.0\",\"isPartOf\":{\"@id\":\"https:\\\/\\\/plattformindustrie40.at\\\/#website\"},\"datePublished\":\"2025-02-28T09:38:30+00:00\",\"dateModified\":\"2025-06-11T12:13:50+00:00\",\"breadcrumb\":{\"@id\":\"https:\\\/\\\/plattformindustrie40.at\\\/en\\\/events\\\/#breadcrumb\"},\"inLanguage\":\"en-US\",\"potentialAction\":[{\"@type\":\"ReadAction\",\"target\":[\"https:\\\/\\\/plattformindustrie40.at\\\/en\\\/events\\\/\"]}]},{\"@type\":\"BreadcrumbList\",\"@id\":\"https:\\\/\\\/plattformindustrie40.at\\\/en\\\/events\\\/#breadcrumb\",\"itemListElement\":[{\"@type\":\"ListItem\",\"position\":1,\"name\":\"Startseite\",\"item\":\"https:\\\/\\\/plattformindustrie40.at\\\/en\\\/\"},{\"@type\":\"ListItem\",\"position\":2,\"name\":\"EVENTS\"}]},{\"@type\":\"WebSite\",\"@id\":\"https:\\\/\\\/plattformindustrie40.at\\\/#website\",\"url\":\"https:\\\/\\\/plattformindustrie40.at\\\/\",\"name\":\"Plattform Industrie 4.0\",\"description\":\"Online-Auftritt der Plattform Industrie 4.0\",\"publisher\":{\"@id\":\"https:\\\/\\\/plattformindustrie40.at\\\/#organization\"},\"potentialAction\":[{\"@type\":\"SearchAction\",\"target\":{\"@type\":\"EntryPoint\",\"urlTemplate\":\"https:\\\/\\\/plattformindustrie40.at\\\/?s={search_term_string}\"},\"query-input\":{\"@type\":\"PropertyValueSpecification\",\"valueRequired\":true,\"valueName\":\"search_term_string\"}}],\"inLanguage\":\"en-US\"},{\"@type\":\"Organization\",\"@id\":\"https:\\\/\\\/plattformindustrie40.at\\\/#organization\",\"name\":\"Plattform Industrie 4.0\",\"url\":\"https:\\\/\\\/plattformindustrie40.at\\\/\",\"logo\":{\"@type\":\"ImageObject\",\"inLanguage\":\"en-US\",\"@id\":\"https:\\\/\\\/plattformindustrie40.at\\\/#\\\/schema\\\/logo\\\/image\\\/\",\"url\":\"https:\\\/\\\/plattformindustrie40.at\\\/wp-content\\\/uploads\\\/2025\\\/04\\\/Ind40_10J_Logo-1.svg\",\"contentUrl\":\"https:\\\/\\\/plattformindustrie40.at\\\/wp-content\\\/uploads\\\/2025\\\/04\\\/Ind40_10J_Logo-1.svg\",\"caption\":\"Plattform Industrie 4.0\"},\"image\":{\"@id\":\"https:\\\/\\\/plattformindustrie40.at\\\/#\\\/schema\\\/logo\\\/image\\\/\"}}]}<\/script>\n<!-- \/ Yoast SEO plugin. -->","yoast_head_json":{"title":"EVENTS - Plattform Industrie 4.0","robots":{"index":"index","follow":"follow","max-snippet":"max-snippet:-1","max-image-preview":"max-image-preview:large","max-video-preview":"max-video-preview:-1"},"canonical":"https:\/\/plattformindustrie40.at\/en\/events\/","og_locale":"en_US","og_type":"article","og_title":"EVENTS - Plattform Industrie 4.0","og_description":"[vc_row full_width=&#8221;stretch_row_content_no_spaces&#8221; el_class=&#8221;hero-section&#8221; css=&#8221;.vc_custom_1739375159822{background-image: url(https:\/\/plattformindustrie40.at\/wp-content\/uploads\/2025\/02\/Website_Header_SUMMIT.jpg?id=27024) !important;background-position: center !important;background-repeat: no-repeat !important;background-size: contain !important;}&#8221;][vc_column el_class=&#8221;my-header&#8221;][\/vc_column][\/vc_row][vc_row full_width=&#8221;stretch_row&#8221; el_id=&#8221;calendar&#8221;][vc_column][vc_row_inner][vc_column_inner offset=&#8221;vc_col-lg-8&#8243;][vc_empty_space height=&#8221;64px&#8221;][vc_column_text css=&#8221;&#8221;] CALENDAR [\/vc_column_text][vc_column_text [...]Read More... from EVENTS","og_url":"https:\/\/plattformindustrie40.at\/en\/events\/","og_site_name":"Plattform Industrie 4.0","article_modified_time":"2025-06-11T12:13:50+00:00","twitter_card":"summary_large_image","twitter_misc":{"Est. reading time":"1 minute"},"schema":{"@context":"https:\/\/schema.org","@graph":[{"@type":"WebPage","@id":"https:\/\/plattformindustrie40.at\/en\/events\/","url":"https:\/\/plattformindustrie40.at\/en\/events\/","name":"EVENTS - Plattform Industrie 4.0","isPartOf":{"@id":"https:\/\/plattformindustrie40.at\/#website"},"datePublished":"2025-02-28T09:38:30+00:00","dateModified":"2025-06-11T12:13:50+00:00","breadcrumb":{"@id":"https:\/\/plattformindustrie40.at\/en\/events\/#breadcrumb"},"inLanguage":"en-US","potentialAction":[{"@type":"ReadAction","target":["https:\/\/plattformindustrie40.at\/en\/events\/"]}]},{"@type":"BreadcrumbList","@id":"https:\/\/plattformindustrie40.at\/en\/events\/#breadcrumb","itemListElement":[{"@type":"ListItem","position":1,"name":"Startseite","item":"https:\/\/plattformindustrie40.at\/en\/"},{"@type":"ListItem","position":2,"name":"EVENTS"}]},{"@type":"WebSite","@id":"https:\/\/plattformindustrie40.at\/#website","url":"https:\/\/plattformindustrie40.at\/","name":"Plattform Industrie 4.0","description":"Online-Auftritt der Plattform Industrie 4.0","publisher":{"@id":"https:\/\/plattformindustrie40.at\/#organization"},"potentialAction":[{"@type":"SearchAction","target":{"@type":"EntryPoint","urlTemplate":"https:\/\/plattformindustrie40.at\/?s={search_term_string}"},"query-input":{"@type":"PropertyValueSpecification","valueRequired":true,"valueName":"search_term_string"}}],"inLanguage":"en-US"},{"@type":"Organization","@id":"https:\/\/plattformindustrie40.at\/#organization","name":"Plattform Industrie 4.0","url":"https:\/\/plattformindustrie40.at\/","logo":{"@type":"ImageObject","inLanguage":"en-US","@id":"https:\/\/plattformindustrie40.at\/#\/schema\/logo\/image\/","url":"https:\/\/plattformindustrie40.at\/wp-content\/uploads\/2025\/04\/Ind40_10J_Logo-1.svg","contentUrl":"https:\/\/plattformindustrie40.at\/wp-content\/uploads\/2025\/04\/Ind40_10J_Logo-1.svg","caption":"Plattform Industrie 4.0"},"image":{"@id":"https:\/\/plattformindustrie40.at\/#\/schema\/logo\/image\/"}}]}},"_links":{"self":[{"href":"https:\/\/plattformindustrie40.at\/en\/wp-json\/wp\/v2\/pages\/27218","targetHints":{"allow":["GET"]}}],"collection":[{"href":"https:\/\/plattformindustrie40.at\/en\/wp-json\/wp\/v2\/pages"}],"about":[{"href":"https:\/\/plattformindustrie40.at\/en\/wp-json\/wp\/v2\/types\/page"}],"author":[{"embeddable":true,"href":"https:\/\/plattformindustrie40.at\/en\/wp-json\/wp\/v2\/users\/15"}],"replies":[{"embeddable":true,"href":"https:\/\/plattformindustrie40.at\/en\/wp-json\/wp\/v2\/comments?post=27218"}],"version-history":[{"count":5,"href":"https:\/\/plattformindustrie40.at\/en\/wp-json\/wp\/v2\/pages\/27218\/revisions"}],"predecessor-version":[{"id":27735,"href":"https:\/\/plattformindustrie40.at\/en\/wp-json\/wp\/v2\/pages\/27218\/revisions\/27735"}],"wp:attachment":[{"href":"https:\/\/plattformindustrie40.at\/en\/wp-json\/wp\/v2\/media?parent=27218"}],"curies":[{"name":"wp","href":"https:\/\/api.w.org\/{rel}","templated":true}]}}