{"id":27214,"date":"2025-02-28T09:34:22","date_gmt":"2025-02-28T09:34:22","guid":{"rendered":"https:\/\/plattformindustrie40.at\/?page_id=27214"},"modified":"2025-06-11T12:19:18","modified_gmt":"2025-06-11T12:19:18","slug":"arbeit-5-0","status":"publish","type":"page","link":"https:\/\/plattformindustrie40.at\/en\/themenschwerpunkte-en\/arbeit-5-0\/","title":{"rendered":"WORK 5.0"},"content":{"rendered":"<div class=\"wpb-content-wrapper\"><p>[vc_row full_width=&#8221;stretch_row_content_no_spaces&#8221; css=&#8221;.vc_custom_1717768044312{background-image: url(https:\/\/plattformindustrie40.at\/wp-content\/uploads\/2024\/06\/Arbeit5_0-scaled.jpg?id=24821) !important;background-position: center !important;background-repeat: no-repeat !important;background-size: cover !important;}&#8221;][vc_column el_class=&#8221;my-header&#8221;][\/vc_column][\/vc_row][vc_row el_class=&#8221;sidebar-section&#8221;][vc_column width=&#8221;2\/3&#8243;][vc_column_text css=&#8221;&#8221;]<\/p>\n<h1>Work 5.0<\/h1>\n<p>[\/vc_column_text][vc_column_text css=&#8221;&#8221;]Within the Work 5.0 focus area, we deal with topics relating to people and their further development in the world of work. We also address future talent in the production environment with projects such as Digital Pioneers and Mission: Futurejob. With the EU Horizon project Bridges 5.0, we are working on the European flagship project on Future Skills and Industry 5.0.<\/p>\n<p><strong>The Future of Work<\/strong><\/p>\n<p>Work 5.0 stands for a new era in the world of work that is characterised by the integration of advanced technologies, artificial intelligence (AI) and increased human-machine collaboration. Employees and organisations are required to continuously adapt their skills portfolio to changing work processes and job profiles.<\/p>\n<p>The idea of human-centered approach lies at the core of Work 5.0: technology should not only make work processes more efficient, but also improve the quality of life and satisfaction of employees. The strengths of man and machine should be optimally combined.<\/p>\n<p>Sustainability and ethical issues also play a key role. Companies are endeavouring to make a positive social and ecological contribution through the responsible use of resources and fair working conditions. Work 5.0 is therefore not just a technical change, but also a cultural change that affects society as a whole.<\/p>\n<p><strong>Human-Centered Approach<\/strong><\/p>\n<p>Human-centred approaches place people at the centre of production processes and systems. The aim is to design workplaces in such a way that they fulfil the needs and abilities of employees and thus increase their well-being.<\/p>\n<p>In the context of production, this means in particular a combination of ergonomic design and advanced assistance systems. Workers are thus supported in their tasks, e.g. by the systems taking over heavy physical work or facilitating information processing and decision-making.<\/p>\n<p>Human-centred approaches should not only contribute to increasing productivity and quality in production, but also to employee satisfaction and motivation, and thus to the long-term success and competitiveness of companies.<\/p>\n<p><strong>Qualifikations and Competences for Industry 4.0<\/strong><\/p>\n<p>Industry 4.0 can only be successfully implemented if essential qualifications and competences are taught and a suitable environment for learning and teaching is created. The digital transformation is placing new demands on the skills of companies and their employees, while at the same time digitalisation is changing work processes, structures and forms of organisation.<\/p>\n<p>Increasing requirements, especially in digital and IT skills, data management and data analysis, cross-divisional process knowledge and interdisciplinary work are the result, but leadership skills, social skills and communication skills are also becoming more important.<\/p>\n<p>In order to meet all these challenges, continuous further training in companies is essential. Digital tools such as webinars, MOOCs, AR\/XR and ChatGPT as well as various applications such as digital twins, speech recognition and responsive systems can facilitate, support and improve work. They enable time-independent training and further education at different learning locations.[\/vc_column_text][\/vc_column][vc_column width=&#8221;1\/3&#8243;][vc_row_inner el_class=&#8221;sidebar-widget&#8221;][vc_column_inner el_class=&#8221;bg-lightblue widget-header&#8221;][vc_column_text css=&#8221;&#8221;]<\/p>\n<h2>UPCOMING<br \/>\nEVENTS<\/h2>\n<p>[\/vc_column_text][\/vc_column_inner][vc_column_inner el_class=&#8221;bg-lightblue&#8221;]<div id=\"wps-simple-calendar-grid\"><div class=\"event\"><div class=\"date\">13.04.2026<\/div><div class=\"details\"><div class=\"title\"><a href=\"https:\/\/plattformindustrie40.at\/en\/blog\/event\/research-insight-forschungsupdates-zu-verteilter-automatisierung-iec-61499\/\">Research Insight: Forschungsupdates zu verteilter Automatisierung (IEC 61499)<\/a><\/div><\/div><\/div><div class=\"event\"><div class=\"date\">17.04.2026<\/div><div class=\"details\"><div class=\"title\"><a href=\"https:\/\/plattformindustrie40.at\/en\/blog\/event\/produzierendes-oesterreich-fruehlingsausblick-2026\/\">Produzierendes \u00d6sterreich: Fr\u00fchlingsausblick 2026<\/a><\/div><\/div><\/div><div class=\"event\"><div class=\"date\">23.04.2026<\/div><div class=\"details\"><div class=\"title\"><a href=\"https:\/\/plattformindustrie40.at\/en\/blog\/event\/research-insight-15-chinesischer-fuenfjahresplan-implikationen-fuer-die-europaeische-industrie\/\">Research Insight: 15. chinesischer F\u00fcnfjahresplan, Implikationen f\u00fcr die europ\u00e4ische Industrie<\/a><\/div><\/div><\/div><\/div>[\/vc_column_inner][\/vc_row_inner][vc_row_inner el_class=&#8221;sidebar-widget&#8221;][vc_column_inner el_class=&#8221;bg-lightblue widget-header&#8221;][vc_column_text css=&#8221;&#8221;]<\/p>\n<h2>FURTHER<br \/>\nPROJECTS<\/h2>\n<p>[\/vc_column_text][\/vc_column_inner][vc_column_inner el_class=&#8221;bg-lightblue weiterfuehrende-projekte-widget-col&#8221;]    <div class=\"weiterfuehrende-projekte-widget\">\n        <div class=\"title\">\n                            <h3><a href=\"https:\/\/#\">Mission Future Jobs<\/a><\/h3>\n                    <\/div>\n        <div class=\"ftd-img\">\n                            <a href=\"https:\/\/#\"><img decoding=\"async\" src=\"https:\/\/plattformindustrie40.at\/wp-content\/uploads\/2024\/06\/Industrie4-3.jpg\" alt=\"Mission Future Jobs\"><\/a>\n                    <\/div>\n    <\/div>\n        <div class=\"weiterfuehrende-projekte-widget\">\n        <div class=\"title\">\n                            <h3><a href=\"https:\/\/#\">Digital Pioneers<\/a><\/h3>\n                    <\/div>\n        <div class=\"ftd-img\">\n                            <a href=\"https:\/\/#\"><img decoding=\"async\" src=\"https:\/\/plattformindustrie40.at\/wp-content\/uploads\/2024\/06\/Industrie4-2.jpg\" alt=\"Digital Pioneers\"><\/a>\n                    <\/div>\n    <\/div>\n        <div class=\"weiterfuehrende-projekte-widget\">\n        <div class=\"title\">\n                            <h3><a href=\"https:\/\/#\">Bridges 5.0<\/a><\/h3>\n                    <\/div>\n        <div class=\"ftd-img\">\n                            <a href=\"https:\/\/#\"><img decoding=\"async\" src=\"https:\/\/plattformindustrie40.at\/wp-content\/uploads\/2024\/06\/bridges-5-0-4.jpg\" alt=\"Bridges 5.0\"><\/a>\n                    <\/div>\n    <\/div>\n    [\/vc_column_inner][\/vc_row_inner][vc_row_inner el_class=&#8221;sidebar-widget&#8221;][vc_column_inner el_class=&#8221;bg-lightblue widget-header&#8221;][vc_column_text css=&#8221;&#8221;]<\/p>\n<h2>PUBLICATIONS<\/h2>\n<p>[\/vc_column_text][\/vc_column_inner][vc_column_inner el_class=&#8221;bg-lightblue widget-publikation-col&#8221;][vc_column_text css=&#8221;&#8221;]<a href=\"https:\/\/plattformindustrie40.at\/wp-content\/uploads\/2021\/11\/AI-for-GOOD-Leitfaden_Plattform-Industrie-40.pdf\">AI4Good &#8211; Ein Praxisleitfaden zur erfolgreichen Einf\u00fchrung von KI-Systemen<\/a>[\/vc_column_text][vc_column_text css=&#8221;&#8221;]<a href=\"https:\/\/plattformindustrie40.at\/wp-content\/uploads\/2020\/11\/Industrie4.0_LoseBlattsammlung_Okt2020.pdf\">Living Document &#8211; Arbeit NEU 4.0<\/a>[\/vc_column_text][vc_column_text css=&#8221;&#8221;]<a href=\"https:\/\/plattformindustrie40.at\/wp-content\/uploads\/2020\/05\/Industrie4.0_Arbeitsorganisation-Thesenpapier_1705.pdf\">Thesenpapier &#8211; Arbeitsorganisation im Zeitalter der Digitalisierung<\/a>[\/vc_column_text][vc_column_text css=&#8221;&#8221;]<a href=\"https:\/\/plattformindustrie40.at\/wp-content\/uploads\/2024\/10\/WEB_Industrie4.0_Ergebnispapier_Qualifikation_2018.pdf\">Ergebnispapier &#8211; Qualifikation und Kompetenzen in der Industrie 4.0<\/a>[\/vc_column_text][vc_column_text css=&#8221;&#8221;]<a href=\"https:\/\/plattformindustrie40.at\/wp-content\/uploads\/2020\/05\/Industrie4.0_ErgebnispapierQualifizierungscluster_2019_1706_2.pdf\">Ergebnispapier &#8211; Erfolgsfaktoren f\u00fcr die Etablierung regionaler Qualifizierungscluster<\/a>[\/vc_column_text][\/vc_column_inner][\/vc_row_inner][vc_row_inner el_class=&#8221;sidebar-widget&#8221;][vc_column_inner el_class=&#8221;bg-lightblue widget-header&#8221;][vc_column_text css=&#8221;&#8221;]<\/p>\n<h2>Contact<\/h2>\n<p>[\/vc_column_text][\/vc_column_inner][vc_column_inner el_class=&#8221;bg-lightblue widget-publikation-col&#8221;][vc_column_text css=&#8221;&#8221;]e-mail:<\/p>\n<p><a href=\"mailto:jasmina.schnobrich@plattformindustrie40.at\">jasmina.schnobrich@plattformindustrie40.at<\/a><\/p>\n<p><a href=\"mailto:denise.branz@plattformindustrie40.at\">denise.branz@plattformindustrie40.at<\/a>[\/vc_column_text][vc_column_text css=&#8221;&#8221;]Phone:<\/p>\n<p>+43 664 88 348 159<\/p>\n<p>+43 664 820 56 50<\/p>\n<p>[\/vc_column_text][\/vc_column_inner][\/vc_row_inner][\/vc_column][\/vc_row][vc_row full_width=&#8221;stretch_row&#8221; css=&#8221;.vc_custom_1716817624967{margin-top: 30px !important;background-color: #e8f2f7 !important;}&#8221; el_class=&#8221;news-grid&#8221;][vc_column][vc_column_text]<\/p>\n<h2>AKTUELLES ZUM THEMENSCHWERPUNKT<\/h2>\n<p>[\/vc_column_text][vc_basic_grid post_type=&#8221;post&#8221; max_items=&#8221;6&#8243; item=&#8221;24794&#8243; css=&#8221;&#8221; grid_id=&#8221;vc_gid:1749644332240-a3a1de4d-654a-8&#8243; taxonomies=&#8221;237&#8243;][vc_btn title=&#8221;ALLE BEITR\u00c4GE&#8221; style=&#8221;flat&#8221; shape=&#8221;square&#8221; align=&#8221;center&#8221; css=&#8221;&#8221; el_class=&#8221;my-button&#8221; link=&#8221;url:https%3A%2F%2Fplattformindustrie40.at%2Falle-beitraege%2F&#8221;][vc_empty_space height=&#8221;60px&#8221;][\/vc_column][\/vc_row]<\/p>\n<\/div>","protected":false},"excerpt":{"rendered":"<p>[vc_row full_width=&#8221;stretch_row_content_no_spaces&#8221; css=&#8221;.vc_custom_1717768044312{background-image: url(https:\/\/plattformindustrie40.at\/wp-content\/uploads\/2024\/06\/Arbeit5_0-scaled.jpg?id=24821) !important;background-position: center !important;background-repeat: no-repeat !important;background-size: cover !important;}&#8221;][vc_column el_class=&#8221;my-header&#8221;][\/vc_column][\/vc_row][vc_row el_class=&#8221;sidebar-section&#8221;][vc_column width=&#8221;2\/3&#8243;][vc_column_text css=&#8221;&#8221;] Work 5.0 [\/vc_column_text][vc_column_text css=&#8221;&#8221;]Within the [&#8230;]<\/p>\n<p><a class=\"btn btn-secondary understrap-read-more-link\" href=\"https:\/\/plattformindustrie40.at\/en\/themenschwerpunkte-en\/arbeit-5-0\/\">Read More&#8230;<span class=\"screen-reader-text\"> from WORK 5.0<\/span><\/a><\/p>\n","protected":false},"author":15,"featured_media":0,"parent":27212,"menu_order":0,"comment_status":"closed","ping_status":"closed","template":"tmp-page-no-title.php","meta":{"_acf_changed":false,"footnotes":""},"class_list":["post-27214","page","type-page","status-publish","hentry"],"acf":[],"yoast_head":"<!-- This site is optimized with the Yoast SEO plugin v27.3 - https:\/\/yoast.com\/product\/yoast-seo-wordpress\/ -->\n<title>WORK 5.0 - Plattform Industrie 4.0<\/title>\n<meta name=\"robots\" content=\"index, follow, max-snippet:-1, max-image-preview:large, max-video-preview:-1\" \/>\n<link rel=\"canonical\" href=\"https:\/\/plattformindustrie40.at\/en\/themenschwerpunkte-en\/arbeit-5-0\/\" \/>\n<meta property=\"og:locale\" content=\"en_US\" \/>\n<meta property=\"og:type\" content=\"article\" \/>\n<meta property=\"og:title\" content=\"WORK 5.0 - Plattform Industrie 4.0\" \/>\n<meta property=\"og:description\" content=\"[vc_row full_width=&#8221;stretch_row_content_no_spaces&#8221; css=&#8221;.vc_custom_1717768044312{background-image: url(https:\/\/plattformindustrie40.at\/wp-content\/uploads\/2024\/06\/Arbeit5_0-scaled.jpg?id=24821) !important;background-position: center !important;background-repeat: no-repeat !important;background-size: cover !important;}&#8221;][vc_column el_class=&#8221;my-header&#8221;][\/vc_column][\/vc_row][vc_row el_class=&#8221;sidebar-section&#8221;][vc_column width=&#8221;2\/3&#8243;][vc_column_text css=&#8221;&#8221;] Work 5.0 [\/vc_column_text][vc_column_text css=&#8221;&#8221;]Within the [...]Read More... from WORK 5.0\" \/>\n<meta property=\"og:url\" content=\"https:\/\/plattformindustrie40.at\/en\/themenschwerpunkte-en\/arbeit-5-0\/\" \/>\n<meta property=\"og:site_name\" content=\"Plattform Industrie 4.0\" \/>\n<meta property=\"article:modified_time\" content=\"2025-06-11T12:19:18+00:00\" \/>\n<meta name=\"twitter:card\" content=\"summary_large_image\" \/>\n<meta name=\"twitter:label1\" content=\"Est. reading time\" \/>\n\t<meta name=\"twitter:data1\" content=\"5 minutes\" \/>\n<script type=\"application\/ld+json\" class=\"yoast-schema-graph\">{\"@context\":\"https:\\\/\\\/schema.org\",\"@graph\":[{\"@type\":\"WebPage\",\"@id\":\"https:\\\/\\\/plattformindustrie40.at\\\/en\\\/themenschwerpunkte-en\\\/arbeit-5-0\\\/\",\"url\":\"https:\\\/\\\/plattformindustrie40.at\\\/en\\\/themenschwerpunkte-en\\\/arbeit-5-0\\\/\",\"name\":\"WORK 5.0 - Plattform Industrie 4.0\",\"isPartOf\":{\"@id\":\"https:\\\/\\\/plattformindustrie40.at\\\/#website\"},\"datePublished\":\"2025-02-28T09:34:22+00:00\",\"dateModified\":\"2025-06-11T12:19:18+00:00\",\"breadcrumb\":{\"@id\":\"https:\\\/\\\/plattformindustrie40.at\\\/en\\\/themenschwerpunkte-en\\\/arbeit-5-0\\\/#breadcrumb\"},\"inLanguage\":\"en-US\",\"potentialAction\":[{\"@type\":\"ReadAction\",\"target\":[\"https:\\\/\\\/plattformindustrie40.at\\\/en\\\/themenschwerpunkte-en\\\/arbeit-5-0\\\/\"]}]},{\"@type\":\"BreadcrumbList\",\"@id\":\"https:\\\/\\\/plattformindustrie40.at\\\/en\\\/themenschwerpunkte-en\\\/arbeit-5-0\\\/#breadcrumb\",\"itemListElement\":[{\"@type\":\"ListItem\",\"position\":1,\"name\":\"Startseite\",\"item\":\"https:\\\/\\\/plattformindustrie40.at\\\/en\\\/\"},{\"@type\":\"ListItem\",\"position\":2,\"name\":\"THEMENSCHWERPUNKTE\",\"item\":\"https:\\\/\\\/plattformindustrie40.at\\\/en\\\/themenschwerpunkte-en\\\/\"},{\"@type\":\"ListItem\",\"position\":3,\"name\":\"WORK 5.0\"}]},{\"@type\":\"WebSite\",\"@id\":\"https:\\\/\\\/plattformindustrie40.at\\\/#website\",\"url\":\"https:\\\/\\\/plattformindustrie40.at\\\/\",\"name\":\"Plattform Industrie 4.0\",\"description\":\"Online-Auftritt der Plattform Industrie 4.0\",\"publisher\":{\"@id\":\"https:\\\/\\\/plattformindustrie40.at\\\/#organization\"},\"potentialAction\":[{\"@type\":\"SearchAction\",\"target\":{\"@type\":\"EntryPoint\",\"urlTemplate\":\"https:\\\/\\\/plattformindustrie40.at\\\/?s={search_term_string}\"},\"query-input\":{\"@type\":\"PropertyValueSpecification\",\"valueRequired\":true,\"valueName\":\"search_term_string\"}}],\"inLanguage\":\"en-US\"},{\"@type\":\"Organization\",\"@id\":\"https:\\\/\\\/plattformindustrie40.at\\\/#organization\",\"name\":\"Plattform Industrie 4.0\",\"url\":\"https:\\\/\\\/plattformindustrie40.at\\\/\",\"logo\":{\"@type\":\"ImageObject\",\"inLanguage\":\"en-US\",\"@id\":\"https:\\\/\\\/plattformindustrie40.at\\\/#\\\/schema\\\/logo\\\/image\\\/\",\"url\":\"https:\\\/\\\/plattformindustrie40.at\\\/wp-content\\\/uploads\\\/2025\\\/04\\\/Ind40_10J_Logo-1.svg\",\"contentUrl\":\"https:\\\/\\\/plattformindustrie40.at\\\/wp-content\\\/uploads\\\/2025\\\/04\\\/Ind40_10J_Logo-1.svg\",\"caption\":\"Plattform Industrie 4.0\"},\"image\":{\"@id\":\"https:\\\/\\\/plattformindustrie40.at\\\/#\\\/schema\\\/logo\\\/image\\\/\"}}]}<\/script>\n<!-- \/ Yoast SEO plugin. -->","yoast_head_json":{"title":"WORK 5.0 - Plattform Industrie 4.0","robots":{"index":"index","follow":"follow","max-snippet":"max-snippet:-1","max-image-preview":"max-image-preview:large","max-video-preview":"max-video-preview:-1"},"canonical":"https:\/\/plattformindustrie40.at\/en\/themenschwerpunkte-en\/arbeit-5-0\/","og_locale":"en_US","og_type":"article","og_title":"WORK 5.0 - Plattform Industrie 4.0","og_description":"[vc_row full_width=&#8221;stretch_row_content_no_spaces&#8221; css=&#8221;.vc_custom_1717768044312{background-image: url(https:\/\/plattformindustrie40.at\/wp-content\/uploads\/2024\/06\/Arbeit5_0-scaled.jpg?id=24821) !important;background-position: center !important;background-repeat: no-repeat !important;background-size: cover !important;}&#8221;][vc_column el_class=&#8221;my-header&#8221;][\/vc_column][\/vc_row][vc_row el_class=&#8221;sidebar-section&#8221;][vc_column width=&#8221;2\/3&#8243;][vc_column_text css=&#8221;&#8221;] Work 5.0 [\/vc_column_text][vc_column_text css=&#8221;&#8221;]Within the [...]Read More... from WORK 5.0","og_url":"https:\/\/plattformindustrie40.at\/en\/themenschwerpunkte-en\/arbeit-5-0\/","og_site_name":"Plattform Industrie 4.0","article_modified_time":"2025-06-11T12:19:18+00:00","twitter_card":"summary_large_image","twitter_misc":{"Est. reading time":"5 minutes"},"schema":{"@context":"https:\/\/schema.org","@graph":[{"@type":"WebPage","@id":"https:\/\/plattformindustrie40.at\/en\/themenschwerpunkte-en\/arbeit-5-0\/","url":"https:\/\/plattformindustrie40.at\/en\/themenschwerpunkte-en\/arbeit-5-0\/","name":"WORK 5.0 - Plattform Industrie 4.0","isPartOf":{"@id":"https:\/\/plattformindustrie40.at\/#website"},"datePublished":"2025-02-28T09:34:22+00:00","dateModified":"2025-06-11T12:19:18+00:00","breadcrumb":{"@id":"https:\/\/plattformindustrie40.at\/en\/themenschwerpunkte-en\/arbeit-5-0\/#breadcrumb"},"inLanguage":"en-US","potentialAction":[{"@type":"ReadAction","target":["https:\/\/plattformindustrie40.at\/en\/themenschwerpunkte-en\/arbeit-5-0\/"]}]},{"@type":"BreadcrumbList","@id":"https:\/\/plattformindustrie40.at\/en\/themenschwerpunkte-en\/arbeit-5-0\/#breadcrumb","itemListElement":[{"@type":"ListItem","position":1,"name":"Startseite","item":"https:\/\/plattformindustrie40.at\/en\/"},{"@type":"ListItem","position":2,"name":"THEMENSCHWERPUNKTE","item":"https:\/\/plattformindustrie40.at\/en\/themenschwerpunkte-en\/"},{"@type":"ListItem","position":3,"name":"WORK 5.0"}]},{"@type":"WebSite","@id":"https:\/\/plattformindustrie40.at\/#website","url":"https:\/\/plattformindustrie40.at\/","name":"Plattform Industrie 4.0","description":"Online-Auftritt der Plattform Industrie 4.0","publisher":{"@id":"https:\/\/plattformindustrie40.at\/#organization"},"potentialAction":[{"@type":"SearchAction","target":{"@type":"EntryPoint","urlTemplate":"https:\/\/plattformindustrie40.at\/?s={search_term_string}"},"query-input":{"@type":"PropertyValueSpecification","valueRequired":true,"valueName":"search_term_string"}}],"inLanguage":"en-US"},{"@type":"Organization","@id":"https:\/\/plattformindustrie40.at\/#organization","name":"Plattform Industrie 4.0","url":"https:\/\/plattformindustrie40.at\/","logo":{"@type":"ImageObject","inLanguage":"en-US","@id":"https:\/\/plattformindustrie40.at\/#\/schema\/logo\/image\/","url":"https:\/\/plattformindustrie40.at\/wp-content\/uploads\/2025\/04\/Ind40_10J_Logo-1.svg","contentUrl":"https:\/\/plattformindustrie40.at\/wp-content\/uploads\/2025\/04\/Ind40_10J_Logo-1.svg","caption":"Plattform Industrie 4.0"},"image":{"@id":"https:\/\/plattformindustrie40.at\/#\/schema\/logo\/image\/"}}]}},"_links":{"self":[{"href":"https:\/\/plattformindustrie40.at\/en\/wp-json\/wp\/v2\/pages\/27214","targetHints":{"allow":["GET"]}}],"collection":[{"href":"https:\/\/plattformindustrie40.at\/en\/wp-json\/wp\/v2\/pages"}],"about":[{"href":"https:\/\/plattformindustrie40.at\/en\/wp-json\/wp\/v2\/types\/page"}],"author":[{"embeddable":true,"href":"https:\/\/plattformindustrie40.at\/en\/wp-json\/wp\/v2\/users\/15"}],"replies":[{"embeddable":true,"href":"https:\/\/plattformindustrie40.at\/en\/wp-json\/wp\/v2\/comments?post=27214"}],"version-history":[{"count":6,"href":"https:\/\/plattformindustrie40.at\/en\/wp-json\/wp\/v2\/pages\/27214\/revisions"}],"predecessor-version":[{"id":27739,"href":"https:\/\/plattformindustrie40.at\/en\/wp-json\/wp\/v2\/pages\/27214\/revisions\/27739"}],"up":[{"embeddable":true,"href":"https:\/\/plattformindustrie40.at\/en\/wp-json\/wp\/v2\/pages\/27212"}],"wp:attachment":[{"href":"https:\/\/plattformindustrie40.at\/en\/wp-json\/wp\/v2\/media?parent=27214"}],"curies":[{"name":"wp","href":"https:\/\/api.w.org\/{rel}","templated":true}]}}